{"id":1009,"date":"2025-10-17T12:56:35","date_gmt":"2025-10-17T12:56:35","guid":{"rendered":"https:\/\/adatvissza.hu\/?page_id=1009"},"modified":"2026-03-06T20:27:10","modified_gmt":"2026-03-06T19:27:10","slug":"sos-emergency-data-recovery","status":"publish","type":"page","link":"https:\/\/adatvissza.hu\/en\/professzionalis-adatmentes-adat-helyreallitas\/sos-surgossegi-adatmentes\/","title":{"rendered":"Emergency data recovery"},"content":{"rendered":"<div data-elementor-type=\"wp-page\" data-elementor-id=\"1009\" class=\"elementor elementor-1009\" data-elementor-post-type=\"page\">\n\t\t\t\t<div class=\"elementor-element elementor-element-cf8815c e-flex e-con-boxed e-con e-parent\" data-id=\"cf8815c\" data-element_type=\"container\">\n\t\t\t\t\t<div class=\"e-con-inner\">\n\t\t<div class=\"elementor-element elementor-element-ed7d77a e-con-full e-flex e-con e-child\" data-id=\"ed7d77a\" data-element_type=\"container\">\n\t\t\t\t<div class=\"elementor-element elementor-element-311d9c5 elementor-widget elementor-widget-heading\" data-id=\"311d9c5\" data-element_type=\"widget\" data-widget_type=\"heading.default\">\n\t\t\t\t\t<span class=\"elementor-heading-title elementor-size-default\">Immediate assistance to restore important data!<\/span>\t\t\t\t<\/div>\n\t\t\t\t<div class=\"elementor-element elementor-element-87bd137 elementor-widget elementor-widget-heading\" data-id=\"87bd137\" data-element_type=\"widget\" data-widget_type=\"heading.default\">\n\t\t\t\t\t<h1 class=\"elementor-heading-title elementor-size-default\">\nS.O.S. \u2013 Emergency data recovery\n<\/h1>\t\t\t\t<\/div>\n\t\t\t\t<div class=\"elementor-element elementor-element-c971e54 elementor-widget elementor-widget-text-editor\" data-id=\"c971e54\" data-element_type=\"widget\" data-widget_type=\"text-editor.default\">\n\t\t\t\t\t\t\t\t\t<p><strong>We are at your service in case of emergency backup, any time of day, as well as holidays and bank holidays.<\/strong><\/p><p><strong>S.O.S. - Emergency Data Recovery:<\/strong> within the shortest possible time, a colleague of us personally takes over the defective media, and delivers it to our premises. Testing begins immediately and a quotation is prepared, it takes an average of one hour. Subsequently you are informed the recoverable amount of data, the exact cost of data backup and the expected duration of the data, the restoration begins immediately after the adoption. In this case we expect plus 30 percent of emergency surcharge, to the cost of data recovery. In case of failing the emergency bid 25.000,- Ft plus VAT, an invoice will be sent to you.<\/p><p><strong>You can make use of our free courier service as well, which is suitable for your working day, free of charge takes the defective media.<\/strong><\/p>\t\t\t\t\t\t\t\t<\/div>\n\t\t\t\t<\/div>\n\t\t<div class=\"elementor-element elementor-element-ff92b01 e-con-full e-flex e-con e-child\" data-id=\"ff92b01\" data-element_type=\"container\">\n\t\t\t\t<div class=\"elementor-element elementor-element-b6770c7 elementor-widget elementor-widget-image\" data-id=\"b6770c7\" data-element_type=\"widget\" data-widget_type=\"image.default\">\n\t\t\t\t\t\t\t\t\t\t\t\t\t\t\t<img fetchpriority=\"high\" decoding=\"async\" width=\"800\" height=\"600\" src=\"https:\/\/adatvissza.hu\/wp-content\/uploads\/2025\/10\/sos-adatmentes.webp\" class=\"attachment-large size-large wp-image-1025\" alt=\"Emergency data recovery\" srcset=\"https:\/\/adatvissza.hu\/wp-content\/uploads\/2025\/10\/sos-adatmentes.webp 1024w, https:\/\/adatvissza.hu\/wp-content\/uploads\/2025\/10\/sos-adatmentes-700x525.webp 700w, https:\/\/adatvissza.hu\/wp-content\/uploads\/2025\/10\/sos-adatmentes-768x576.webp 768w\" sizes=\"(max-width: 800px) 100vw, 800px\" \/>\t\t\t\t\t\t\t\t\t\t\t\t\t\t\t<\/div>\n\t\t\t\t<\/div>\n\t\t\t\t\t<\/div>\n\t\t\t\t<\/div>\n\t\t<div class=\"elementor-element elementor-element-a68256e e-flex e-con-boxed e-con e-parent\" data-id=\"a68256e\" data-element_type=\"container\" data-settings=\"{&quot;background_background&quot;:&quot;classic&quot;}\">\n\t\t\t\t\t<div class=\"e-con-inner\">\n\t\t\t\t<div class=\"elementor-element elementor-element-cb05a26 elementor-widget elementor-widget-heading\" data-id=\"cb05a26\" data-element_type=\"widget\" data-widget_type=\"heading.default\">\n\t\t\t\t\t<h2 class=\"elementor-heading-title elementor-size-default\">Ask for assistance, call us now!\n<\/h2>\t\t\t\t<\/div>\n\t\t\t\t<div class=\"elementor-element elementor-element-aa2c29a elementor-widget elementor-widget-text-editor\" data-id=\"aa2c29a\" data-element_type=\"widget\" data-widget_type=\"text-editor.default\">\n\t\t\t\t\t\t\t\t\t<p>NON-STOP phone contact: <strong>+36 30 370 73 07<\/strong><\/p>\t\t\t\t\t\t\t\t<\/div>\n\t\t\t\t<div class=\"elementor-element elementor-element-862fbbf elementor-align-center elementor-widget elementor-widget-button\" data-id=\"862fbbf\" data-element_type=\"widget\" data-widget_type=\"button.default\">\n\t\t\t\t\t\t\t\t\t\t<a class=\"elementor-button elementor-button-link elementor-size-sm elementor-animation-grow\" href=\"tel:+36303707307\">\n\t\t\t\t\t\t<span class=\"elementor-button-content-wrapper\">\n\t\t\t\t\t\t<span class=\"elementor-button-icon\">\n\t\t\t\t<svg aria-hidden=\"true\" class=\"e-font-icon-svg e-fas-phone-alt\" viewbox=\"0 0 512 512\" xmlns=\"http:\/\/www.w3.org\/2000\/svg\"><path d=\"M497.39 361.8l-112-48a24 24 0 0 0-28 6.9l-49.6 60.6A370.66 370.66 0 0 1 130.6 204.11l60.6-49.6a23.94 23.94 0 0 0 6.9-28l-48-112A24.16 24.16 0 0 0 122.6.61l-104 24A24 24 0 0 0 0 48c0 256.5 207.9 464 464 464a24 24 0 0 0 23.4-18.6l24-104a24.29 24.29 0 0 0-14.01-27.6z\"><\/path><\/svg>\t\t\t<\/span>\n\t\t\t\t\t\t\t\t\t<span class=\"elementor-button-text\">Call now<\/span>\n\t\t\t\t\t<\/span>\n\t\t\t\t\t<\/a>\n\t\t\t\t\t\t\t\t<\/div>\n\t\t\t\t\t<\/div>\n\t\t\t\t<\/div>\n\t\t<div class=\"elementor-element elementor-element-8896ce0 e-flex e-con-boxed e-con e-parent\" data-id=\"8896ce0\" data-element_type=\"container\">\n\t\t\t\t\t<div class=\"e-con-inner\">\n\t\t\t\t\t<\/div>\n\t\t\t\t<\/div>\n\t\t\t\t<\/div>","protected":false},"excerpt":{"rendered":"<p>Azonnali seg\u00edts\u00e9g a fontos adatok vissza\u00e1ll\u00edt\u00e1s\u00e1ra! S.O.S. \u2013 S\u00fcrg\u0151ss\u00e9gi adatment\u00e9s A s\u00fcrg\u0151ss\u00e9gi adatment\u00e9s v\u00e1laszt\u00e1sakor azonnal rendelkez\u00e9s\u00e9re \u00e1llunk, napszakt\u00f3l, valamint \u00fcnnep \u00e9s munkasz\u00fcneti napokt\u00f3l f\u00fcggetlen\u00fcl. S.0.S. &#8211; S\u00fcrg\u0151ss\u00e9gi adatvissza\u00e1ll\u00edt\u00e1s: a lehet\u0151 legr\u00f6videbb id\u0151n bel\u00fcl, a koll\u00e9g\u00e1nk szem\u00e9lyesen veszi \u00e1t \u00d6nt\u0151l a hib\u00e1s adathordoz\u00f3t, majd telephely\u00fcnkre sz\u00e1ll\u00edtja. Ott azonnal megkezdj\u00fck a bevizsg\u00e1l\u00e1st \u00e9s elk\u00e9sz\u00edtj\u00fck az \u00e1raj\u00e1nlatot, mindez [&hellip;]<\/p>\n","protected":false},"author":1,"featured_media":0,"parent":602,"menu_order":0,"comment_status":"closed","ping_status":"closed","template":"","meta":{"footnotes":""},"class_list":["post-1009","page","type-page","status-publish","hentry"],"yoast_head":"<!-- This site is optimized with the Yoast SEO Premium plugin v27.1 (Yoast SEO v27.1.1) - https:\/\/yoast.com\/product\/yoast-seo-premium-wordpress\/ -->\n<title>S.O.S. - S\u00fcrg\u0151ss\u00e9gi adatment\u00e9s | AdatVissza<\/title>\n<meta name=\"description\" content=\"S.O.S. - S\u00fcrg\u0151ss\u00e9gi adatment\u00e9s, azonnali reag\u00e1l\u00e1s - gyors, hat\u00e9kony megold\u00e1sok kritikus adatveszt\u00e9s eset\u00e9n. Rendelkez\u00e9s\u00e9re \u00e1llunk non-stop!\" \/>\n<meta name=\"robots\" content=\"index, follow, max-snippet:-1, max-image-preview:large, max-video-preview:-1\" \/>\n<link rel=\"canonical\" href=\"https:\/\/adatvissza.hu\/en\/professzionalis-adatmentes-adat-helyreallitas\/sos-emergency-data-recovery\/\" \/>\n<meta property=\"og:locale\" content=\"en_GB\" \/>\n<meta property=\"og:type\" content=\"article\" \/>\n<meta property=\"og:title\" content=\"S.O.S. - S\u00fcrg\u0151ss\u00e9gi adatment\u00e9s\" \/>\n<meta property=\"og:description\" content=\"S.O.S. - S\u00fcrg\u0151ss\u00e9gi adatment\u00e9s, azonnali reag\u00e1l\u00e1s - gyors, hat\u00e9kony megold\u00e1sok kritikus adatveszt\u00e9s eset\u00e9n. Rendelkez\u00e9s\u00e9re \u00e1llunk non-stop!\" \/>\n<meta property=\"og:url\" content=\"https:\/\/adatvissza.hu\/en\/professzionalis-adatmentes-adat-helyreallitas\/sos-emergency-data-recovery\/\" \/>\n<meta property=\"og:site_name\" content=\"AdatVissza\" \/>\n<meta property=\"article:publisher\" content=\"http:\/\/facebook.com\/adatvissza\" \/>\n<meta property=\"article:modified_time\" content=\"2026-03-06T19:27:10+00:00\" \/>\n<meta property=\"og:image\" content=\"https:\/\/adatvissza.hu\/wp-content\/uploads\/2025\/10\/sos-adatmentes.webp\" \/>\n\t<meta property=\"og:image:width\" content=\"1024\" \/>\n\t<meta property=\"og:image:height\" content=\"768\" \/>\n\t<meta property=\"og:image:type\" content=\"image\/webp\" \/>\n<meta name=\"twitter:card\" content=\"summary_large_image\" \/>\n<meta name=\"twitter:label1\" content=\"Estimated reading time\" \/>\n\t<meta name=\"twitter:data1\" content=\"1 minute\" \/>\n<script type=\"application\/ld+json\" class=\"yoast-schema-graph\">{\"@context\":\"https:\/\/schema.org\",\"@graph\":[{\"@type\":\"WebPage\",\"@id\":\"https:\/\/adatvissza.hu\/professzionalis-adatmentes-adat-helyreallitas\/sos-surgossegi-adatmentes\/\",\"url\":\"https:\/\/adatvissza.hu\/professzionalis-adatmentes-adat-helyreallitas\/sos-surgossegi-adatmentes\/\",\"name\":\"S.O.S. - S\u00fcrg\u0151ss\u00e9gi adatment\u00e9s | AdatVissza\",\"isPartOf\":{\"@id\":\"https:\/\/adatvissza.hu\/#website\"},\"primaryImageOfPage\":{\"@id\":\"https:\/\/adatvissza.hu\/professzionalis-adatmentes-adat-helyreallitas\/sos-surgossegi-adatmentes\/#primaryimage\"},\"image\":{\"@id\":\"https:\/\/adatvissza.hu\/professzionalis-adatmentes-adat-helyreallitas\/sos-surgossegi-adatmentes\/#primaryimage\"},\"thumbnailUrl\":\"https:\/\/adatvissza.hu\/wp-content\/uploads\/2025\/10\/sos-adatmentes.webp\",\"datePublished\":\"2025-10-17T12:56:35+00:00\",\"dateModified\":\"2026-03-06T19:27:10+00:00\",\"description\":\"S.O.S. - S\u00fcrg\u0151ss\u00e9gi adatment\u00e9s, azonnali reag\u00e1l\u00e1s - gyors, hat\u00e9kony megold\u00e1sok kritikus adatveszt\u00e9s eset\u00e9n. Rendelkez\u00e9s\u00e9re \u00e1llunk non-stop!\",\"breadcrumb\":{\"@id\":\"https:\/\/adatvissza.hu\/professzionalis-adatmentes-adat-helyreallitas\/sos-surgossegi-adatmentes\/#breadcrumb\"},\"inLanguage\":\"en-GB\",\"potentialAction\":[{\"@type\":\"ReadAction\",\"target\":[\"https:\/\/adatvissza.hu\/professzionalis-adatmentes-adat-helyreallitas\/sos-surgossegi-adatmentes\/\"]}]},{\"@type\":\"ImageObject\",\"inLanguage\":\"en-GB\",\"@id\":\"https:\/\/adatvissza.hu\/professzionalis-adatmentes-adat-helyreallitas\/sos-surgossegi-adatmentes\/#primaryimage\",\"url\":\"https:\/\/adatvissza.hu\/wp-content\/uploads\/2025\/10\/sos-adatmentes.webp\",\"contentUrl\":\"https:\/\/adatvissza.hu\/wp-content\/uploads\/2025\/10\/sos-adatmentes.webp\"},{\"@type\":\"BreadcrumbList\",\"@id\":\"https:\/\/adatvissza.hu\/professzionalis-adatmentes-adat-helyreallitas\/sos-surgossegi-adatmentes\/#breadcrumb\",\"itemListElement\":[{\"@type\":\"ListItem\",\"position\":1,\"name\":\"Kezd\u0151lap\",\"item\":\"https:\/\/adatvissza.hu\/\"},{\"@type\":\"ListItem\",\"position\":2,\"name\":\"F\u0151oldal\",\"item\":\"https:\/\/adatvissza.hu\/\"},{\"@type\":\"ListItem\",\"position\":3,\"name\":\"S.O.S. &#8211; S\u00fcrg\u0151ss\u00e9gi adatment\u00e9s\"}]},{\"@type\":\"WebSite\",\"@id\":\"https:\/\/adatvissza.hu\/#website\",\"url\":\"https:\/\/adatvissza.hu\/\",\"name\":\"AdatVissza\",\"description\":\"Adatment\u00e9s, adatvissza\u00e1ll\u00edt\u00e1s b\u00e1rmilyen adathordoz\u00f3r\u00f3l\",\"publisher\":{\"@id\":\"https:\/\/adatvissza.hu\/#organization\"},\"potentialAction\":[{\"@type\":\"SearchAction\",\"target\":{\"@type\":\"EntryPoint\",\"urlTemplate\":\"https:\/\/adatvissza.hu\/?s={search_term_string}\"},\"query-input\":{\"@type\":\"PropertyValueSpecification\",\"valueRequired\":true,\"valueName\":\"search_term_string\"}}],\"inLanguage\":\"en-GB\"},{\"@type\":\"Organization\",\"@id\":\"https:\/\/adatvissza.hu\/#organization\",\"name\":\"AdatVissza adatment\u00e9s Kft.\",\"alternateName\":\"AdatVissza adatment\u00e9s Kft.\",\"url\":\"https:\/\/adatvissza.hu\/\",\"logo\":{\"@type\":\"ImageObject\",\"inLanguage\":\"en-GB\",\"@id\":\"https:\/\/adatvissza.hu\/#\/schema\/logo\/image\/\",\"url\":\"https:\/\/adatvissza.hu\/wp-content\/uploads\/2025\/09\/adatvissza_logo_25.svg\",\"contentUrl\":\"https:\/\/adatvissza.hu\/wp-content\/uploads\/2025\/09\/adatvissza_logo_25.svg\",\"width\":600,\"height\":384,\"caption\":\"AdatVissza adatment\u00e9s Kft.\"},\"image\":{\"@id\":\"https:\/\/adatvissza.hu\/#\/schema\/logo\/image\/\"},\"sameAs\":[\"http:\/\/facebook.com\/adatvissza\"],\"email\":\"info@adatvissza.hu\",\"telephone\":\"06303707307\",\"taxID\":\"29211261-2-13\"}]}<\/script>\n<!-- \/ Yoast SEO Premium plugin. -->","yoast_head_json":{"title":"S.O.S. - Emergency data backup | AdatVissza","description":"S.O.S. - Emergency data recovery, immediate response - fast, effective solutions in case of critical data loss. We are at your service 24\/7!","robots":{"index":"index","follow":"follow","max-snippet":"max-snippet:-1","max-image-preview":"max-image-preview:large","max-video-preview":"max-video-preview:-1"},"canonical":"https:\/\/adatvissza.hu\/en\/professzionalis-adatmentes-adat-helyreallitas\/sos-emergency-data-recovery\/","og_locale":"en_GB","og_type":"article","og_title":"S.O.S. - S\u00fcrg\u0151ss\u00e9gi adatment\u00e9s","og_description":"S.O.S. - S\u00fcrg\u0151ss\u00e9gi adatment\u00e9s, azonnali reag\u00e1l\u00e1s - gyors, hat\u00e9kony megold\u00e1sok kritikus adatveszt\u00e9s eset\u00e9n. Rendelkez\u00e9s\u00e9re \u00e1llunk non-stop!","og_url":"https:\/\/adatvissza.hu\/en\/professzionalis-adatmentes-adat-helyreallitas\/sos-emergency-data-recovery\/","og_site_name":"AdatVissza","article_publisher":"http:\/\/facebook.com\/adatvissza","article_modified_time":"2026-03-06T19:27:10+00:00","og_image":[{"width":1024,"height":768,"url":"https:\/\/adatvissza.hu\/wp-content\/uploads\/2025\/10\/sos-adatmentes.webp","type":"image\/webp"}],"twitter_card":"summary_large_image","twitter_misc":{"Estimated reading time":"1 minute"},"schema":{"@context":"https:\/\/schema.org","@graph":[{"@type":"WebPage","@id":"https:\/\/adatvissza.hu\/professzionalis-adatmentes-adat-helyreallitas\/sos-surgossegi-adatmentes\/","url":"https:\/\/adatvissza.hu\/professzionalis-adatmentes-adat-helyreallitas\/sos-surgossegi-adatmentes\/","name":"S.O.S. - Emergency data backup | AdatVissza","isPartOf":{"@id":"https:\/\/adatvissza.hu\/#website"},"primaryImageOfPage":{"@id":"https:\/\/adatvissza.hu\/professzionalis-adatmentes-adat-helyreallitas\/sos-surgossegi-adatmentes\/#primaryimage"},"image":{"@id":"https:\/\/adatvissza.hu\/professzionalis-adatmentes-adat-helyreallitas\/sos-surgossegi-adatmentes\/#primaryimage"},"thumbnailUrl":"https:\/\/adatvissza.hu\/wp-content\/uploads\/2025\/10\/sos-adatmentes.webp","datePublished":"2025-10-17T12:56:35+00:00","dateModified":"2026-03-06T19:27:10+00:00","description":"S.O.S. - Emergency data recovery, immediate response - fast, effective solutions in case of critical data loss. We are at your service 24\/7!","breadcrumb":{"@id":"https:\/\/adatvissza.hu\/professzionalis-adatmentes-adat-helyreallitas\/sos-surgossegi-adatmentes\/#breadcrumb"},"inLanguage":"en-GB","potentialAction":[{"@type":"ReadAction","target":["https:\/\/adatvissza.hu\/professzionalis-adatmentes-adat-helyreallitas\/sos-surgossegi-adatmentes\/"]}]},{"@type":"ImageObject","inLanguage":"en-GB","@id":"https:\/\/adatvissza.hu\/professzionalis-adatmentes-adat-helyreallitas\/sos-surgossegi-adatmentes\/#primaryimage","url":"https:\/\/adatvissza.hu\/wp-content\/uploads\/2025\/10\/sos-adatmentes.webp","contentUrl":"https:\/\/adatvissza.hu\/wp-content\/uploads\/2025\/10\/sos-adatmentes.webp"},{"@type":"BreadcrumbList","@id":"https:\/\/adatvissza.hu\/professzionalis-adatmentes-adat-helyreallitas\/sos-surgossegi-adatmentes\/#breadcrumb","itemListElement":[{"@type":"ListItem","position":1,"name":"Kezd\u0151lap","item":"https:\/\/adatvissza.hu\/"},{"@type":"ListItem","position":2,"name":"F\u0151oldal","item":"https:\/\/adatvissza.hu\/"},{"@type":"ListItem","position":3,"name":"S.O.S. &#8211; S\u00fcrg\u0151ss\u00e9gi adatment\u00e9s"}]},{"@type":"WebSite","@id":"https:\/\/adatvissza.hu\/#website","url":"https:\/\/adatvissza.hu\/","name":"AdatVissza","description":"Adatment\u00e9s, adatvissza\u00e1ll\u00edt\u00e1s b\u00e1rmilyen adathordoz\u00f3r\u00f3l","publisher":{"@id":"https:\/\/adatvissza.hu\/#organization"},"potentialAction":[{"@type":"SearchAction","target":{"@type":"EntryPoint","urlTemplate":"https:\/\/adatvissza.hu\/?s={search_term_string}"},"query-input":{"@type":"PropertyValueSpecification","valueRequired":true,"valueName":"search_term_string"}}],"inLanguage":"en-GB"},{"@type":"Organization","@id":"https:\/\/adatvissza.hu\/#organization","name":"AdatVissza adatment\u00e9s Ltd.","alternateName":"AdatVissza adatment\u00e9s Kft.","url":"https:\/\/adatvissza.hu\/","logo":{"@type":"ImageObject","inLanguage":"en-GB","@id":"https:\/\/adatvissza.hu\/#\/schema\/logo\/image\/","url":"https:\/\/adatvissza.hu\/wp-content\/uploads\/2025\/09\/adatvissza_logo_25.svg","contentUrl":"https:\/\/adatvissza.hu\/wp-content\/uploads\/2025\/09\/adatvissza_logo_25.svg","width":600,"height":384,"caption":"AdatVissza adatment\u00e9s Kft."},"image":{"@id":"https:\/\/adatvissza.hu\/#\/schema\/logo\/image\/"},"sameAs":["http:\/\/facebook.com\/adatvissza"],"email":"info@adatvissza.hu","telephone":"06303707307","taxID":"29211261-2-13"}]}},"_links":{"self":[{"href":"https:\/\/adatvissza.hu\/en\/wp-json\/wp\/v2\/pages\/1009","targetHints":{"allow":["GET"]}}],"collection":[{"href":"https:\/\/adatvissza.hu\/en\/wp-json\/wp\/v2\/pages"}],"about":[{"href":"https:\/\/adatvissza.hu\/en\/wp-json\/wp\/v2\/types\/page"}],"author":[{"embeddable":true,"href":"https:\/\/adatvissza.hu\/en\/wp-json\/wp\/v2\/users\/1"}],"replies":[{"embeddable":true,"href":"https:\/\/adatvissza.hu\/en\/wp-json\/wp\/v2\/comments?post=1009"}],"version-history":[{"count":23,"href":"https:\/\/adatvissza.hu\/en\/wp-json\/wp\/v2\/pages\/1009\/revisions"}],"predecessor-version":[{"id":9390,"href":"https:\/\/adatvissza.hu\/en\/wp-json\/wp\/v2\/pages\/1009\/revisions\/9390"}],"up":[{"embeddable":true,"href":"https:\/\/adatvissza.hu\/en\/wp-json\/wp\/v2\/pages\/602"}],"wp:attachment":[{"href":"https:\/\/adatvissza.hu\/en\/wp-json\/wp\/v2\/media?parent=1009"}],"curies":[{"name":"wp","href":"https:\/\/api.w.org\/{rel}","templated":true}]}}