{"id":2042,"date":"2025-10-26T14:22:21","date_gmt":"2025-10-26T13:22:21","guid":{"rendered":"https:\/\/adatvissza.hu\/?page_id=2042"},"modified":"2025-12-15T17:10:57","modified_gmt":"2025-12-15T16:10:57","slug":"references","status":"publish","type":"page","link":"https:\/\/adatvissza.hu\/en\/professzionalis-adatmentes-adat-helyreallitas\/referenciak\/","title":{"rendered":"References"},"content":{"rendered":"<div data-elementor-type=\"wp-page\" data-elementor-id=\"2042\" class=\"elementor elementor-2042\" data-elementor-post-type=\"page\">\n\t\t\t\t<div class=\"elementor-element elementor-element-ca9193d e-flex e-con-boxed e-con e-parent\" data-id=\"ca9193d\" data-element_type=\"container\">\n\t\t\t\t\t<div class=\"e-con-inner\">\n\t\t\t\t<div class=\"elementor-element elementor-element-61a4ee0 elementor-widget elementor-widget-heading\" data-id=\"61a4ee0\" data-element_type=\"widget\" data-widget_type=\"heading.default\">\n\t\t\t\t\t<h1 class=\"elementor-heading-title elementor-size-default\">References<\/h1>\t\t\t\t<\/div>\n\t\t\t\t\t<\/div>\n\t\t\t\t<\/div>\n\t\t<div class=\"elementor-element elementor-element-718eed4 e-flex e-con-boxed e-con e-parent\" data-id=\"718eed4\" data-element_type=\"container\">\n\t\t\t\t\t<div class=\"e-con-inner\">\n\t\t\t\t<div class=\"elementor-element elementor-element-c3d7a50 elementor-widget elementor-widget-text-editor\" data-id=\"c3d7a50\" data-element_type=\"widget\" data-widget_type=\"text-editor.default\">\n\t\t\t\t\t\t\t\t\t<p><strong>They also chose us:<\/strong><\/p><p><em>We provide services to several data recovery firms every day. Out of respect for professional ethics, we do not publish their names.<\/em><\/p><ul><li>HBO Holding Zrt.<\/li><li>Borsodi S\u00f6rgy\u00e1r Kft.<\/li><li>BME (t\u00f6bb tansz\u00e9k)<\/li><li>K\u00f6zponti Statisztikai Hivatal (KSH)<\/li><li>Nemzeti Er\u0151forr\u00e1s Miniszt\u00e9rium<\/li><li>K\u00f6zponti Nyomoz\u00f3 F\u0151\u00fcgy\u00e9szs\u00e9g<\/li><li>Elite Cosmetix<\/li><li>\u00d3v\u00e1rtej Zrt<\/li><li>Dreher S\u00f6rgy\u00e1r Zrt.<\/li><li>SGI Silicon \u2013 Silicon Computers Kft.<\/li><li>MTA GGKI MTA Geod\u00e9ziai \u00e9s Geofizikai Kutat\u00f3int\u00e9zet<\/li><li>Clarity Consulting Kft.<\/li><li>IB Grant Thornton Consulting Kft.<\/li><li>Megawatt M\u00e9rn\u00f6kiroda Kft.<\/li><li>Tech Con Kft.<\/li><li>Priv\u00e1tbank\u00e1r.hu Kft.<\/li><li>Batch Control Kft.<\/li><li>MTA B\u00f6lcs\u00e9szettudom\u00e1nyi Kutat\u00f3k\u00f6zpont<\/li><li>Flaxcom Zrt.<\/li><li>Nemzeti Munka\u00fcgyi Hivatal<\/li><li>Metal Work Kft.<\/li><li>Mastiff Hungary Kft.<\/li><li>Digi Store Kft.<\/li><li>MTA Csillag\u00e1szati Kutat\u00f3 Int\u00e9zet<\/li><li>P &amp; P EU-Tender Kft.<\/li><li>B\u00e9ta Nyomda Kft.<\/li><li>T-Systems<\/li><li>Electrolux Lehel Kft.<\/li><li>Terror H\u00e1za<\/li><li>Info Sys Kft.<\/li><li>SWIETELSKY Vas\u00fattechnika Kft.<\/li><li>Halasv\u00edz Kft.<\/li><li>Dominis Pille F\u00f3lia Kft.<\/li><li>OKKER Zrt.<\/li><li>Cavok Aviation Kft.<\/li><li>M Red Kft.<\/li><li>H\u00f6rcsik CAD<\/li><li>Experience Budapest Kft.<\/li><li>Miskolci Egyetem<\/li><li>MTA TAKI<\/li><li>Megasoft 2000 Kft.<\/li><li>Hat\u00e9konys\u00e1g Kft.<\/li><li>KP Vill Bt.<\/li><li>AMSY Jel\u00f6l\u00e9stechnika Kft..<\/li><li>Click On Kft.<\/li><li>MEPPKONT Informatikai \u00e9s K\u00f6nyvviteli Bt.<\/li><li>Heraldika K\u00f6nyvkiad\u00f3<\/li><li>Color Technik Kft.<\/li><li>SIRO Zrt.<\/li><li>Mitech 2000 Kft.<\/li><li>Anan\u00e1sz Esk\u00fcv\u0151i Ruhaszalon<\/li><li>La Panthera Kft.<\/li><li>Hiteles Ember Alap\u00edtv\u00e1ny<\/li><li>Aviation Bt.<\/li><li>G\u00e9pipari Tudom\u00e1nyos Egyes\u00fclet<\/li><li>Merico Gmbh<\/li><li>Budapest Aut\u00f3h\u00e1z Kft.<\/li><li>ELTE \u2013 Mikrobiol\u00f3giai Tansz\u00e9k<\/li><li>MZTSZ K\u0151b\u00e1nyai Zeneiskola<\/li><li>Cashline \u00c9rt\u00e9kpap\u00edr Zrt.<\/li><li>Dialab Kft.<\/li><li>Safe Systems Kft.<\/li><li>Pixel Manufaktura Kft.<\/li><li>Lamitrade Kft.<\/li><li>Fercom Kft.<\/li><li>MTA PKI<\/li><li>Progen Kft.<\/li><li>Szal\u00f3k Holding Zrt.<\/li><li>Allegro Event Kft.<\/li><li>Izinta Kft.<\/li><li>Kiptref Kft.<\/li><li>Hubertus Kft.<\/li><li>F\u00e9szek M\u0171v\u00e9szklub<\/li><li>KESZO Kft.<\/li><li>Kiptref Kft.<\/li><li>T\u00fccs\u00f6k Zen\u00e9s Sz\u00ednpad Egyes\u00fclet<\/li><li>Kaloplasztik Kft.<\/li><li>Szervez\u00e9si \u00e9s Vezet\u00e9si Tudom\u00e1nyos T\u00e1rsas\u00e1g<\/li><li>\u2026and many others\u2026<\/li><\/ul>\t\t\t\t\t\t\t\t<\/div>\n\t\t\t\t\t<\/div>\n\t\t\t\t<\/div>\n\t\t\t\t<\/div>","protected":false},"excerpt":{"rendered":"<p>Referenci\u00e1k \u0150k is benn\u00fcnket v\u00e1lasztottak: Naponta t\u00f6bb adatment\u0151 c\u00e9gnek ny\u00fajtunk szolg\u00e1ltat\u00e1sokat. A szakmai etika tiszteletben tart\u00e1sa \u00e9rdek\u00e9ben nem tessz\u00fck k\u00f6zz\u00e9 a nev\u00fcket. HBO Holding Zrt. Borsodi S\u00f6rgy\u00e1r Kft. BME (t\u00f6bb tansz\u00e9k) K\u00f6zponti Statisztikai Hivatal (KSH) Nemzeti Er\u0151forr\u00e1s Miniszt\u00e9rium K\u00f6zponti Nyomoz\u00f3 F\u0151\u00fcgy\u00e9szs\u00e9g Elite Cosmetix \u00d3v\u00e1rtej Zrt Dreher S\u00f6rgy\u00e1r Zrt. SGI Silicon \u2013 Silicon Computers Kft. MTA [&hellip;]<\/p>\n","protected":false},"author":1,"featured_media":0,"parent":602,"menu_order":0,"comment_status":"closed","ping_status":"closed","template":"","meta":{"footnotes":""},"class_list":["post-2042","page","type-page","status-publish","hentry"],"yoast_head":"<!-- This site is optimized with the Yoast SEO Premium plugin v27.1 (Yoast SEO v27.1.1) - https:\/\/yoast.com\/product\/yoast-seo-premium-wordpress\/ -->\n<title>Referenci\u00e1k | AdatVissza<\/title>\n<meta name=\"description\" content=\"Referenci\u00e1k, partnerek akiknek sikeresen vissza\u00e1ll\u00edtottuk az adatait. Ha probl\u00e9m\u00e1ja ad\u00f3dik, k\u00e9rjen \u00e1raj\u00e1nlatot m\u00e9g ma!\" \/>\n<meta name=\"robots\" content=\"index, follow, max-snippet:-1, max-image-preview:large, max-video-preview:-1\" \/>\n<link rel=\"canonical\" href=\"https:\/\/adatvissza.hu\/en\/professzionalis-adatmentes-adat-helyreallitas\/references\/\" \/>\n<meta property=\"og:locale\" content=\"en_GB\" \/>\n<meta property=\"og:type\" content=\"article\" \/>\n<meta property=\"og:title\" content=\"Referenci\u00e1k\" \/>\n<meta property=\"og:description\" content=\"Referenci\u00e1k, partnerek akiknek sikeresen vissza\u00e1ll\u00edtottuk az adatait. Ha probl\u00e9m\u00e1ja ad\u00f3dik, k\u00e9rjen \u00e1raj\u00e1nlatot m\u00e9g ma!\" \/>\n<meta property=\"og:url\" content=\"https:\/\/adatvissza.hu\/en\/professzionalis-adatmentes-adat-helyreallitas\/references\/\" \/>\n<meta property=\"og:site_name\" content=\"AdatVissza\" \/>\n<meta property=\"article:publisher\" content=\"http:\/\/facebook.com\/adatvissza\" \/>\n<meta property=\"article:modified_time\" content=\"2025-12-15T16:10:57+00:00\" \/>\n<meta name=\"twitter:card\" content=\"summary_large_image\" \/>\n<meta name=\"twitter:label1\" content=\"Estimated reading time\" \/>\n\t<meta name=\"twitter:data1\" content=\"2 minutes\" \/>\n<script type=\"application\/ld+json\" class=\"yoast-schema-graph\">{\"@context\":\"https:\/\/schema.org\",\"@graph\":[{\"@type\":\"WebPage\",\"@id\":\"https:\/\/adatvissza.hu\/professzionalis-adatmentes-adat-helyreallitas\/referenciak\/\",\"url\":\"https:\/\/adatvissza.hu\/professzionalis-adatmentes-adat-helyreallitas\/referenciak\/\",\"name\":\"Referenci\u00e1k | AdatVissza\",\"isPartOf\":{\"@id\":\"https:\/\/adatvissza.hu\/#website\"},\"datePublished\":\"2025-10-26T13:22:21+00:00\",\"dateModified\":\"2025-12-15T16:10:57+00:00\",\"description\":\"Referenci\u00e1k, partnerek akiknek sikeresen vissza\u00e1ll\u00edtottuk az adatait. Ha probl\u00e9m\u00e1ja ad\u00f3dik, k\u00e9rjen \u00e1raj\u00e1nlatot m\u00e9g ma!\",\"breadcrumb\":{\"@id\":\"https:\/\/adatvissza.hu\/professzionalis-adatmentes-adat-helyreallitas\/referenciak\/#breadcrumb\"},\"inLanguage\":\"en-GB\",\"potentialAction\":[{\"@type\":\"ReadAction\",\"target\":[\"https:\/\/adatvissza.hu\/professzionalis-adatmentes-adat-helyreallitas\/referenciak\/\"]}]},{\"@type\":\"BreadcrumbList\",\"@id\":\"https:\/\/adatvissza.hu\/professzionalis-adatmentes-adat-helyreallitas\/referenciak\/#breadcrumb\",\"itemListElement\":[{\"@type\":\"ListItem\",\"position\":1,\"name\":\"Kezd\u0151lap\",\"item\":\"https:\/\/adatvissza.hu\/\"},{\"@type\":\"ListItem\",\"position\":2,\"name\":\"F\u0151oldal\",\"item\":\"https:\/\/adatvissza.hu\/\"},{\"@type\":\"ListItem\",\"position\":3,\"name\":\"Referenci\u00e1k\"}]},{\"@type\":\"WebSite\",\"@id\":\"https:\/\/adatvissza.hu\/#website\",\"url\":\"https:\/\/adatvissza.hu\/\",\"name\":\"AdatVissza\",\"description\":\"Adatment\u00e9s, adatvissza\u00e1ll\u00edt\u00e1s b\u00e1rmilyen adathordoz\u00f3r\u00f3l\",\"publisher\":{\"@id\":\"https:\/\/adatvissza.hu\/#organization\"},\"potentialAction\":[{\"@type\":\"SearchAction\",\"target\":{\"@type\":\"EntryPoint\",\"urlTemplate\":\"https:\/\/adatvissza.hu\/?s={search_term_string}\"},\"query-input\":{\"@type\":\"PropertyValueSpecification\",\"valueRequired\":true,\"valueName\":\"search_term_string\"}}],\"inLanguage\":\"en-GB\"},{\"@type\":\"Organization\",\"@id\":\"https:\/\/adatvissza.hu\/#organization\",\"name\":\"AdatVissza adatment\u00e9s Kft.\",\"alternateName\":\"AdatVissza adatment\u00e9s Kft.\",\"url\":\"https:\/\/adatvissza.hu\/\",\"logo\":{\"@type\":\"ImageObject\",\"inLanguage\":\"en-GB\",\"@id\":\"https:\/\/adatvissza.hu\/#\/schema\/logo\/image\/\",\"url\":\"https:\/\/adatvissza.hu\/wp-content\/uploads\/2025\/09\/adatvissza_logo_25.svg\",\"contentUrl\":\"https:\/\/adatvissza.hu\/wp-content\/uploads\/2025\/09\/adatvissza_logo_25.svg\",\"width\":600,\"height\":384,\"caption\":\"AdatVissza adatment\u00e9s Kft.\"},\"image\":{\"@id\":\"https:\/\/adatvissza.hu\/#\/schema\/logo\/image\/\"},\"sameAs\":[\"http:\/\/facebook.com\/adatvissza\"],\"email\":\"info@adatvissza.hu\",\"telephone\":\"06303707307\",\"taxID\":\"29211261-2-13\"}]}<\/script>\n<!-- \/ Yoast SEO Premium plugin. -->","yoast_head_json":{"title":"Referenci\u00e1k | AdatVissza","description":"Referenci\u00e1k, partnerek akiknek sikeresen vissza\u00e1ll\u00edtottuk az adatait. Ha probl\u00e9m\u00e1ja ad\u00f3dik, k\u00e9rjen \u00e1raj\u00e1nlatot m\u00e9g ma!","robots":{"index":"index","follow":"follow","max-snippet":"max-snippet:-1","max-image-preview":"max-image-preview:large","max-video-preview":"max-video-preview:-1"},"canonical":"https:\/\/adatvissza.hu\/en\/professzionalis-adatmentes-adat-helyreallitas\/references\/","og_locale":"en_GB","og_type":"article","og_title":"Referenci\u00e1k","og_description":"Referenci\u00e1k, partnerek akiknek sikeresen vissza\u00e1ll\u00edtottuk az adatait. Ha probl\u00e9m\u00e1ja ad\u00f3dik, k\u00e9rjen \u00e1raj\u00e1nlatot m\u00e9g ma!","og_url":"https:\/\/adatvissza.hu\/en\/professzionalis-adatmentes-adat-helyreallitas\/references\/","og_site_name":"AdatVissza","article_publisher":"http:\/\/facebook.com\/adatvissza","article_modified_time":"2025-12-15T16:10:57+00:00","twitter_card":"summary_large_image","twitter_misc":{"Estimated reading time":"2 minutes"},"schema":{"@context":"https:\/\/schema.org","@graph":[{"@type":"WebPage","@id":"https:\/\/adatvissza.hu\/professzionalis-adatmentes-adat-helyreallitas\/referenciak\/","url":"https:\/\/adatvissza.hu\/professzionalis-adatmentes-adat-helyreallitas\/referenciak\/","name":"Referenci\u00e1k | AdatVissza","isPartOf":{"@id":"https:\/\/adatvissza.hu\/#website"},"datePublished":"2025-10-26T13:22:21+00:00","dateModified":"2025-12-15T16:10:57+00:00","description":"Referenci\u00e1k, partnerek akiknek sikeresen vissza\u00e1ll\u00edtottuk az adatait. Ha probl\u00e9m\u00e1ja ad\u00f3dik, k\u00e9rjen \u00e1raj\u00e1nlatot m\u00e9g ma!","breadcrumb":{"@id":"https:\/\/adatvissza.hu\/professzionalis-adatmentes-adat-helyreallitas\/referenciak\/#breadcrumb"},"inLanguage":"en-GB","potentialAction":[{"@type":"ReadAction","target":["https:\/\/adatvissza.hu\/professzionalis-adatmentes-adat-helyreallitas\/referenciak\/"]}]},{"@type":"BreadcrumbList","@id":"https:\/\/adatvissza.hu\/professzionalis-adatmentes-adat-helyreallitas\/referenciak\/#breadcrumb","itemListElement":[{"@type":"ListItem","position":1,"name":"Kezd\u0151lap","item":"https:\/\/adatvissza.hu\/"},{"@type":"ListItem","position":2,"name":"F\u0151oldal","item":"https:\/\/adatvissza.hu\/"},{"@type":"ListItem","position":3,"name":"Referenci\u00e1k"}]},{"@type":"WebSite","@id":"https:\/\/adatvissza.hu\/#website","url":"https:\/\/adatvissza.hu\/","name":"AdatVissza","description":"Adatment\u00e9s, adatvissza\u00e1ll\u00edt\u00e1s b\u00e1rmilyen adathordoz\u00f3r\u00f3l","publisher":{"@id":"https:\/\/adatvissza.hu\/#organization"},"potentialAction":[{"@type":"SearchAction","target":{"@type":"EntryPoint","urlTemplate":"https:\/\/adatvissza.hu\/?s={search_term_string}"},"query-input":{"@type":"PropertyValueSpecification","valueRequired":true,"valueName":"search_term_string"}}],"inLanguage":"en-GB"},{"@type":"Organization","@id":"https:\/\/adatvissza.hu\/#organization","name":"AdatVissza adatment\u00e9s Ltd.","alternateName":"AdatVissza adatment\u00e9s Kft.","url":"https:\/\/adatvissza.hu\/","logo":{"@type":"ImageObject","inLanguage":"en-GB","@id":"https:\/\/adatvissza.hu\/#\/schema\/logo\/image\/","url":"https:\/\/adatvissza.hu\/wp-content\/uploads\/2025\/09\/adatvissza_logo_25.svg","contentUrl":"https:\/\/adatvissza.hu\/wp-content\/uploads\/2025\/09\/adatvissza_logo_25.svg","width":600,"height":384,"caption":"AdatVissza adatment\u00e9s Kft."},"image":{"@id":"https:\/\/adatvissza.hu\/#\/schema\/logo\/image\/"},"sameAs":["http:\/\/facebook.com\/adatvissza"],"email":"info@adatvissza.hu","telephone":"06303707307","taxID":"29211261-2-13"}]}},"_links":{"self":[{"href":"https:\/\/adatvissza.hu\/en\/wp-json\/wp\/v2\/pages\/2042","targetHints":{"allow":["GET"]}}],"collection":[{"href":"https:\/\/adatvissza.hu\/en\/wp-json\/wp\/v2\/pages"}],"about":[{"href":"https:\/\/adatvissza.hu\/en\/wp-json\/wp\/v2\/types\/page"}],"author":[{"embeddable":true,"href":"https:\/\/adatvissza.hu\/en\/wp-json\/wp\/v2\/users\/1"}],"replies":[{"embeddable":true,"href":"https:\/\/adatvissza.hu\/en\/wp-json\/wp\/v2\/comments?post=2042"}],"version-history":[{"count":22,"href":"https:\/\/adatvissza.hu\/en\/wp-json\/wp\/v2\/pages\/2042\/revisions"}],"predecessor-version":[{"id":9282,"href":"https:\/\/adatvissza.hu\/en\/wp-json\/wp\/v2\/pages\/2042\/revisions\/9282"}],"up":[{"embeddable":true,"href":"https:\/\/adatvissza.hu\/en\/wp-json\/wp\/v2\/pages\/602"}],"wp:attachment":[{"href":"https:\/\/adatvissza.hu\/en\/wp-json\/wp\/v2\/media?parent=2042"}],"curies":[{"name":"wp","href":"https:\/\/api.w.org\/{rel}","templated":true}]}}