{"id":2056,"date":"2025-10-26T14:35:54","date_gmt":"2025-10-26T13:35:54","guid":{"rendered":"https:\/\/adatvissza.hu\/?page_id=2056"},"modified":"2025-12-15T18:19:42","modified_gmt":"2025-12-15T17:19:42","slug":"sitemap","status":"publish","type":"page","link":"https:\/\/adatvissza.hu\/en\/oldalterkep\/","title":{"rendered":"Sitemap"},"content":{"rendered":"<div data-elementor-type=\"wp-page\" data-elementor-id=\"2056\" class=\"elementor elementor-2056\" data-elementor-post-type=\"page\">\n\t\t\t\t<div class=\"elementor-element elementor-element-6335f6c e-flex e-con-boxed e-con e-parent\" data-id=\"6335f6c\" data-element_type=\"container\" data-settings=\"{&quot;background_background&quot;:&quot;classic&quot;,&quot;shape_divider_bottom&quot;:&quot;tilt&quot;}\">\n\t\t\t\t\t<div class=\"e-con-inner\">\n\t\t\t\t<div class=\"elementor-shape elementor-shape-bottom\" aria-hidden=\"true\" data-negative=\"false\">\n\t\t\t<svg xmlns=\"http:\/\/www.w3.org\/2000\/svg\" viewbox=\"0 0 1000 100\" preserveaspectratio=\"none\">\n\t<path class=\"elementor-shape-fill\" d=\"M0,6V0h1000v100L0,6z\"\/>\n<\/svg>\t\t<\/div>\n\t\t\t\t<div class=\"elementor-element elementor-element-417dbba elementor-widget elementor-widget-heading\" data-id=\"417dbba\" data-element_type=\"widget\" data-widget_type=\"heading.default\">\n\t\t\t\t\t<h1 class=\"elementor-heading-title elementor-size-default\">Sitemap<\/h1>\t\t\t\t<\/div>\n\t\t\t\t\t<\/div>\n\t\t\t\t<\/div>\n\t\t<div class=\"elementor-element elementor-element-15c5676 e-flex e-con-boxed e-con e-parent\" data-id=\"15c5676\" data-element_type=\"container\">\n\t\t\t\t\t<div class=\"e-con-inner\">\n\t\t\t\t<div class=\"elementor-element elementor-element-c41b7cf elementor-widget elementor-widget-shortcode\" data-id=\"c41b7cf\" data-element_type=\"widget\" data-widget_type=\"shortcode.default\">\n\t\t\t\t\t\t\t<div class=\"elementor-shortcode\"><h2>Sites<\/h2><ul><li class=\"page_item page-item-893\"><a href=\"https:\/\/adatvissza.hu\/en\/adatbiztonsagi-mentes-vallalkozasoknak-es-maganszemelyeknek\/\">AdatVissza secure backups for SMEs and individuals<\/a><\/li>\n<li class=\"page_item page-item-971 page_item_has_children\"><a href=\"https:\/\/adatvissza.hu\/en\/adatmentes-arak\/\">Data recovery prices<\/a>\n<ul class='children'>\n\t<li class=\"page_item page-item-3176\"><a href=\"https:\/\/adatvissza.hu\/en\/adatmentes-arak\/asztali-szamitogep-pc\/\">Desktop PC<\/a><\/li>\n\t<li class=\"page_item page-item-3185\"><a href=\"https:\/\/adatvissza.hu\/en\/adatmentes-arak\/laptop\/\">Laptop<\/a><\/li>\n\t<li class=\"page_item page-item-789\"><a href=\"https:\/\/adatvissza.hu\/en\/adatmentes-arak\/memoriakartya-mentes\/\">Memory card<\/a><\/li>\n\t<li class=\"page_item page-item-781\"><a href=\"https:\/\/adatvissza.hu\/en\/adatmentes-arak\/merevlemez-mentes\/\">Hard drive<\/a><\/li>\n\t<li class=\"page_item page-item-783 page_item_has_children\"><a href=\"https:\/\/adatvissza.hu\/en\/adatmentes-arak\/nvme-ssd-mentes\/\">NVMe SSD<\/a>\n\t<ul class='children'>\n\t\t<li class=\"page_item page-item-922\"><a href=\"https:\/\/adatvissza.hu\/en\/adatmentes-arak\/nvme-ssd-mentes\/tamogatott-nvme-ssd-lista\/\">Supported NVMe SSDs list<\/a><\/li>\n\t<\/ul>\n<\/li>\n\t<li class=\"page_item page-item-787\"><a href=\"https:\/\/adatvissza.hu\/en\/adatmentes-arak\/pendrive-adatmentes-arak\/\">Pendrive<\/a><\/li>\n\t<li class=\"page_item page-item-785\"><a href=\"https:\/\/adatvissza.hu\/en\/adatmentes-arak\/raid-nas-szerver-adatmentes\/\">RAID | NAS | Server<\/a><\/li>\n\t<li class=\"page_item page-item-779\"><a href=\"https:\/\/adatvissza.hu\/en\/adatmentes-arak\/ssd-mentes\/\">SSD<\/a><\/li>\n<\/ul>\n<\/li>\n<li class=\"page_item page-item-1086 page_item_has_children\"><a href=\"https:\/\/adatvissza.hu\/en\/gyors-biztonsagos-adatmentes-adat-helyreallitas\/\">Data recovery information<\/a>\n<ul class='children'>\n\t<li class=\"page_item page-item-1286\"><a href=\"https:\/\/adatvissza.hu\/en\/gyors-biztonsagos-adatmentes-adat-helyreallitas\/apple-macintosh-adatmentes\/\">Apple | Macintosh data recovery<\/a><\/li>\n\t<li class=\"page_item page-item-1221\"><a href=\"https:\/\/adatvissza.hu\/en\/gyors-biztonsagos-adatmentes-adat-helyreallitas\/asztali-szamitogep-pc-adatmentes\/\">Desktop PC data recovery<\/a><\/li>\n\t<li class=\"page_item page-item-1295\"><a href=\"https:\/\/adatvissza.hu\/en\/gyors-biztonsagos-adatmentes-adat-helyreallitas\/cd-dvd-blu-ray\/\">CD | DVD | BLU-RAY data recovery<\/a><\/li>\n\t<li class=\"page_item page-item-1216\"><a href=\"https:\/\/adatvissza.hu\/en\/gyors-biztonsagos-adatmentes-adat-helyreallitas\/laptop-notebook\/\">Laptop | Notebook data recovery<\/a><\/li>\n\t<li class=\"page_item page-item-3368\"><a href=\"https:\/\/adatvissza.hu\/en\/gyors-biztonsagos-adatmentes-adat-helyreallitas\/linux-adatmentes\/\">Linux data recovery<\/a><\/li>\n\t<li class=\"page_item page-item-1236\"><a href=\"https:\/\/adatvissza.hu\/en\/gyors-biztonsagos-adatmentes-adat-helyreallitas\/memoriakartya\/\">Memory card data recovery<\/a><\/li>\n\t<li class=\"page_item page-item-1091\"><a href=\"https:\/\/adatvissza.hu\/en\/gyors-biztonsagos-adatmentes-adat-helyreallitas\/merevlemez-winchester\/\">Hard drive data recovery<\/a><\/li>\n\t<li class=\"page_item page-item-1194\"><a href=\"https:\/\/adatvissza.hu\/en\/gyors-biztonsagos-adatmentes-adat-helyreallitas\/nvme-ssd\/\">NVMe SSD data recovery<\/a><\/li>\n\t<li class=\"page_item page-item-1231\"><a href=\"https:\/\/adatvissza.hu\/en\/gyors-biztonsagos-adatmentes-adat-helyreallitas\/pendrive-adatmentes\/\">Pendrive data recovery | USB key recovery<\/a><\/li>\n\t<li class=\"page_item page-item-1205\"><a href=\"https:\/\/adatvissza.hu\/en\/gyors-biztonsagos-adatmentes-adat-helyreallitas\/raid-szerver\/\">RAID | Server | NAS data recovery<\/a><\/li>\n\t<li class=\"page_item page-item-1183\"><a href=\"https:\/\/adatvissza.hu\/en\/gyors-biztonsagos-adatmentes-adat-helyreallitas\/ssd-solid-state-drive\/\">SSD data recovery<\/a><\/li>\n\t<li class=\"page_item page-item-1301\"><a href=\"https:\/\/adatvissza.hu\/en\/gyors-biztonsagos-adatmentes-adat-helyreallitas\/torolt-eltunt-adatok\/\">Deleted, lost data recovery<\/a><\/li>\n<\/ul>\n<\/li>\n<li class=\"page_item page-item-3346\"><a href=\"https:\/\/adatvissza.hu\/en\/aes-256-titkositas\/\">Encryption (AES-256)<\/a><\/li>\n<li class=\"page_item page-item-3376\"><a href=\"https:\/\/adatvissza.hu\/en\/ajanlott-oldalak\/\">Recommended sites<\/a><\/li>\n<li class=\"page_item page-item-1595\"><a href=\"https:\/\/adatvissza.hu\/en\/arajanlatkeres\/\">Quotation<\/a><\/li>\n<li class=\"page_item page-item-381 current_page_parent\"><a href=\"https:\/\/adatvissza.hu\/en\/blog\/\">Blog<\/a><\/li>\n<li class=\"page_item page-item-602 page_item_has_children\"><a href=\"https:\/\/adatvissza.hu\/en\/\">Homepage<\/a>\n<ul class='children'>\n\t<li class=\"page_item page-item-375\"><a href=\"https:\/\/adatvissza.hu\/en\/professzionalis-adatmentes-adat-helyreallitas\/adatkezelesi-tajekoztato\/\">Privacy policy<\/a><\/li>\n\t<li class=\"page_item page-item-2856\"><a href=\"https:\/\/adatvissza.hu\/en\/professzionalis-adatmentes-adat-helyreallitas\/adatmentes-es-adat-helyreallitas-erthetoen\/\">Data recovery &amp; file restoration \u2014 clear explanation<\/a><\/li>\n\t<li class=\"page_item page-item-339\"><a href=\"https:\/\/adatvissza.hu\/en\/professzionalis-adatmentes-adat-helyreallitas\/aszf\/\">Terms of services<\/a><\/li>\n\t<li class=\"page_item page-item-3312\"><a href=\"https:\/\/adatvissza.hu\/en\/professzionalis-adatmentes-adat-helyreallitas\/az-adatmentes-folyamata\/\">Data recovery process<\/a><\/li>\n\t<li class=\"page_item page-item-3334\"><a href=\"https:\/\/adatvissza.hu\/en\/professzionalis-adatmentes-adat-helyreallitas\/bemutatkozas\/\">About us<\/a><\/li>\n\t<li class=\"page_item page-item-2042\"><a href=\"https:\/\/adatvissza.hu\/en\/professzionalis-adatmentes-adat-helyreallitas\/referenciak\/\">References<\/a><\/li>\n\t<li class=\"page_item page-item-1009\"><a href=\"https:\/\/adatvissza.hu\/en\/professzionalis-adatmentes-adat-helyreallitas\/sos-surgossegi-adatmentes\/\">Emergency data recovery<\/a><\/li>\n<\/ul>\n<\/li>\n<li class=\"page_item page-item-3360\"><a href=\"https:\/\/adatvissza.hu\/en\/immutabilitas\/\">Immutabilit\u00e1s<\/a><\/li>\n<li class=\"page_item page-item-1007\"><a href=\"https:\/\/adatvissza.hu\/en\/kapcsolat\/\">Contact<\/a><\/li>\n<li class=\"page_item page-item-9115\"><a href=\"https:\/\/adatvissza.hu\/en\/laptop-pc-szerviz-szigetszentmiklos\/\">Laptop \u2013 PC service<\/a><\/li>\n<li class=\"page_item page-item-3093\"><a href=\"https:\/\/adatvissza.hu\/en\/memoria-chipek\/\">Memory chips<\/a><\/li>\n<li class=\"page_item page-item-1930\"><a href=\"https:\/\/adatvissza.hu\/en\/munkalap\/\">Worksheet<\/a><\/li>\n<li class=\"page_item page-item-2056\"><a href=\"https:\/\/adatvissza.hu\/en\/oldalterkep\/\">Sitemap<\/a><\/li>\n<li class=\"page_item page-item-2036\"><a href=\"https:\/\/adatvissza.hu\/en\/szotar\/\">Dictionary<\/a><\/li>\n<\/ul><h2>Posts<\/h2><ul><li><a href=\"https:\/\/adatvissza.hu\/en\/xpg-adata-sx6000np-512gb-nvme-adatmentes\/\">XPG ADATA SX6000NP 512GB NVMe adatment\u00e9s<\/a><\/li><li><a href=\"https:\/\/adatvissza.hu\/en\/sikeres-adatmentes-egy-samsung-4tb-os-nvme-ssd-rol\/\">Sikeres adatment\u00e9s egy Samsung 4TB-os NVMe SSD-r\u0151l<\/a><\/li><li><a href=\"https:\/\/adatvissza.hu\/en\/nvme-ssd-adatmentes\/\">NVMe SSD data recovery<\/a><\/li><li><a href=\"https:\/\/adatvissza.hu\/en\/corsair-ssd-adatmentes\/\">Corsair SSD adatment\u00e9s<\/a><\/li><li><a href=\"https:\/\/adatvissza.hu\/en\/szamitogepes-virus\/\">Computer virus<\/a><\/li><li><a href=\"https:\/\/adatvissza.hu\/en\/40-tb-western-digital\/\">40 TB Western Digital<\/a><\/li><li><a href=\"https:\/\/adatvissza.hu\/en\/microsd-adatmentes-monolith-kartya\/\">microSD adatment\u00e9s - monolith k\u00e1rtya<\/a><\/li><li><a href=\"https:\/\/adatvissza.hu\/en\/60-tb-seagate-ssd\/\">60 TB Seagate SSD<\/a><\/li><li><a href=\"https:\/\/adatvissza.hu\/en\/zsarolo-virusok\/\">Blackmail virus<\/a><\/li><li><a href=\"https:\/\/adatvissza.hu\/en\/adatmentes-innovacio\/\">Data backup innovation<\/a><\/li><li><a href=\"https:\/\/adatvissza.hu\/en\/ssd-adatmentes-ujdonsag\/\">SSd backup is a novelty<\/a><\/li><li><a href=\"https:\/\/adatvissza.hu\/en\/adatmentes-karcos-es-csapagyhibas-1tb-os-western-digital-merevlemezrol\/\">Data backup scratchy and bearing failure on 1 TB Western Digital hard drive<\/a><\/li><li><a href=\"https:\/\/adatvissza.hu\/en\/felredolt-2tb-wd-merevlemez\/\">Crashed 2 TB WD hard drives<\/a><\/li><li><a href=\"https:\/\/adatvissza.hu\/en\/harminc-ev-utan-lassan-bucsuzhatunk-a-pc-tol\/\">After 30 years we can say good bye to PC<\/a><\/li><\/ul><\/div>\n\t\t\t\t\t\t<\/div>\n\t\t\t\t\t<\/div>\n\t\t\t\t<\/div>\n\t\t\t\t<\/div>","protected":false},"excerpt":{"rendered":"<p>Sitemap<\/p>","protected":false},"author":1,"featured_media":0,"parent":0,"menu_order":0,"comment_status":"closed","ping_status":"closed","template":"","meta":{"footnotes":""},"class_list":["post-2056","page","type-page","status-publish","hentry"],"yoast_head":"<!-- This site is optimized with the Yoast SEO Premium plugin v27.1 (Yoast SEO v27.1.1) - https:\/\/yoast.com\/product\/yoast-seo-premium-wordpress\/ -->\n<title>Oldalt\u00e9rk\u00e9p | AdatVissza<\/title>\n<meta name=\"robots\" content=\"index, follow, max-snippet:-1, max-image-preview:large, max-video-preview:-1\" \/>\n<link rel=\"canonical\" href=\"https:\/\/adatvissza.hu\/en\/sitemap\/\" \/>\n<meta property=\"og:locale\" content=\"en_GB\" \/>\n<meta property=\"og:type\" content=\"article\" \/>\n<meta property=\"og:title\" content=\"Oldalt\u00e9rk\u00e9p\" \/>\n<meta property=\"og:description\" content=\"Oldalt\u00e9rk\u00e9p\" \/>\n<meta property=\"og:url\" content=\"https:\/\/adatvissza.hu\/en\/sitemap\/\" \/>\n<meta property=\"og:site_name\" content=\"AdatVissza\" \/>\n<meta property=\"article:publisher\" content=\"http:\/\/facebook.com\/adatvissza\" \/>\n<meta property=\"article:modified_time\" content=\"2025-12-15T17:19:42+00:00\" \/>\n<meta name=\"twitter:card\" content=\"summary_large_image\" \/>\n<meta name=\"twitter:label1\" content=\"Estimated reading time\" \/>\n\t<meta name=\"twitter:data1\" content=\"1 minute\" \/>\n<script type=\"application\/ld+json\" class=\"yoast-schema-graph\">{\"@context\":\"https:\/\/schema.org\",\"@graph\":[{\"@type\":\"WebPage\",\"@id\":\"https:\/\/adatvissza.hu\/oldalterkep\/\",\"url\":\"https:\/\/adatvissza.hu\/oldalterkep\/\",\"name\":\"Oldalt\u00e9rk\u00e9p | AdatVissza\",\"isPartOf\":{\"@id\":\"https:\/\/adatvissza.hu\/#website\"},\"datePublished\":\"2025-10-26T13:35:54+00:00\",\"dateModified\":\"2025-12-15T17:19:42+00:00\",\"breadcrumb\":{\"@id\":\"https:\/\/adatvissza.hu\/oldalterkep\/#breadcrumb\"},\"inLanguage\":\"en-GB\",\"potentialAction\":[{\"@type\":\"ReadAction\",\"target\":[\"https:\/\/adatvissza.hu\/oldalterkep\/\"]}]},{\"@type\":\"BreadcrumbList\",\"@id\":\"https:\/\/adatvissza.hu\/oldalterkep\/#breadcrumb\",\"itemListElement\":[{\"@type\":\"ListItem\",\"position\":1,\"name\":\"Kezd\u0151lap\",\"item\":\"https:\/\/adatvissza.hu\/\"},{\"@type\":\"ListItem\",\"position\":2,\"name\":\"Oldalt\u00e9rk\u00e9p\"}]},{\"@type\":\"WebSite\",\"@id\":\"https:\/\/adatvissza.hu\/#website\",\"url\":\"https:\/\/adatvissza.hu\/\",\"name\":\"AdatVissza\",\"description\":\"Adatment\u00e9s, adatvissza\u00e1ll\u00edt\u00e1s b\u00e1rmilyen adathordoz\u00f3r\u00f3l\",\"publisher\":{\"@id\":\"https:\/\/adatvissza.hu\/#organization\"},\"potentialAction\":[{\"@type\":\"SearchAction\",\"target\":{\"@type\":\"EntryPoint\",\"urlTemplate\":\"https:\/\/adatvissza.hu\/?s={search_term_string}\"},\"query-input\":{\"@type\":\"PropertyValueSpecification\",\"valueRequired\":true,\"valueName\":\"search_term_string\"}}],\"inLanguage\":\"en-GB\"},{\"@type\":\"Organization\",\"@id\":\"https:\/\/adatvissza.hu\/#organization\",\"name\":\"AdatVissza adatment\u00e9s Kft.\",\"alternateName\":\"AdatVissza adatment\u00e9s Kft.\",\"url\":\"https:\/\/adatvissza.hu\/\",\"logo\":{\"@type\":\"ImageObject\",\"inLanguage\":\"en-GB\",\"@id\":\"https:\/\/adatvissza.hu\/#\/schema\/logo\/image\/\",\"url\":\"https:\/\/adatvissza.hu\/wp-content\/uploads\/2025\/09\/adatvissza_logo_25.svg\",\"contentUrl\":\"https:\/\/adatvissza.hu\/wp-content\/uploads\/2025\/09\/adatvissza_logo_25.svg\",\"width\":600,\"height\":384,\"caption\":\"AdatVissza adatment\u00e9s Kft.\"},\"image\":{\"@id\":\"https:\/\/adatvissza.hu\/#\/schema\/logo\/image\/\"},\"sameAs\":[\"http:\/\/facebook.com\/adatvissza\"],\"email\":\"info@adatvissza.hu\",\"telephone\":\"06303707307\",\"taxID\":\"29211261-2-13\"}]}<\/script>\n<!-- \/ Yoast SEO Premium plugin. -->","yoast_head_json":{"title":"Oldalt\u00e9rk\u00e9p | AdatVissza","robots":{"index":"index","follow":"follow","max-snippet":"max-snippet:-1","max-image-preview":"max-image-preview:large","max-video-preview":"max-video-preview:-1"},"canonical":"https:\/\/adatvissza.hu\/en\/sitemap\/","og_locale":"en_GB","og_type":"article","og_title":"Oldalt\u00e9rk\u00e9p","og_description":"Oldalt\u00e9rk\u00e9p","og_url":"https:\/\/adatvissza.hu\/en\/sitemap\/","og_site_name":"AdatVissza","article_publisher":"http:\/\/facebook.com\/adatvissza","article_modified_time":"2025-12-15T17:19:42+00:00","twitter_card":"summary_large_image","twitter_misc":{"Estimated reading time":"1 minute"},"schema":{"@context":"https:\/\/schema.org","@graph":[{"@type":"WebPage","@id":"https:\/\/adatvissza.hu\/oldalterkep\/","url":"https:\/\/adatvissza.hu\/oldalterkep\/","name":"Oldalt\u00e9rk\u00e9p | AdatVissza","isPartOf":{"@id":"https:\/\/adatvissza.hu\/#website"},"datePublished":"2025-10-26T13:35:54+00:00","dateModified":"2025-12-15T17:19:42+00:00","breadcrumb":{"@id":"https:\/\/adatvissza.hu\/oldalterkep\/#breadcrumb"},"inLanguage":"en-GB","potentialAction":[{"@type":"ReadAction","target":["https:\/\/adatvissza.hu\/oldalterkep\/"]}]},{"@type":"BreadcrumbList","@id":"https:\/\/adatvissza.hu\/oldalterkep\/#breadcrumb","itemListElement":[{"@type":"ListItem","position":1,"name":"Kezd\u0151lap","item":"https:\/\/adatvissza.hu\/"},{"@type":"ListItem","position":2,"name":"Oldalt\u00e9rk\u00e9p"}]},{"@type":"WebSite","@id":"https:\/\/adatvissza.hu\/#website","url":"https:\/\/adatvissza.hu\/","name":"AdatVissza","description":"Adatment\u00e9s, adatvissza\u00e1ll\u00edt\u00e1s b\u00e1rmilyen adathordoz\u00f3r\u00f3l","publisher":{"@id":"https:\/\/adatvissza.hu\/#organization"},"potentialAction":[{"@type":"SearchAction","target":{"@type":"EntryPoint","urlTemplate":"https:\/\/adatvissza.hu\/?s={search_term_string}"},"query-input":{"@type":"PropertyValueSpecification","valueRequired":true,"valueName":"search_term_string"}}],"inLanguage":"en-GB"},{"@type":"Organization","@id":"https:\/\/adatvissza.hu\/#organization","name":"AdatVissza adatment\u00e9s Ltd.","alternateName":"AdatVissza adatment\u00e9s Kft.","url":"https:\/\/adatvissza.hu\/","logo":{"@type":"ImageObject","inLanguage":"en-GB","@id":"https:\/\/adatvissza.hu\/#\/schema\/logo\/image\/","url":"https:\/\/adatvissza.hu\/wp-content\/uploads\/2025\/09\/adatvissza_logo_25.svg","contentUrl":"https:\/\/adatvissza.hu\/wp-content\/uploads\/2025\/09\/adatvissza_logo_25.svg","width":600,"height":384,"caption":"AdatVissza adatment\u00e9s Kft."},"image":{"@id":"https:\/\/adatvissza.hu\/#\/schema\/logo\/image\/"},"sameAs":["http:\/\/facebook.com\/adatvissza"],"email":"info@adatvissza.hu","telephone":"06303707307","taxID":"29211261-2-13"}]}},"_links":{"self":[{"href":"https:\/\/adatvissza.hu\/en\/wp-json\/wp\/v2\/pages\/2056","targetHints":{"allow":["GET"]}}],"collection":[{"href":"https:\/\/adatvissza.hu\/en\/wp-json\/wp\/v2\/pages"}],"about":[{"href":"https:\/\/adatvissza.hu\/en\/wp-json\/wp\/v2\/types\/page"}],"author":[{"embeddable":true,"href":"https:\/\/adatvissza.hu\/en\/wp-json\/wp\/v2\/users\/1"}],"replies":[{"embeddable":true,"href":"https:\/\/adatvissza.hu\/en\/wp-json\/wp\/v2\/comments?post=2056"}],"version-history":[{"count":16,"href":"https:\/\/adatvissza.hu\/en\/wp-json\/wp\/v2\/pages\/2056\/revisions"}],"predecessor-version":[{"id":9300,"href":"https:\/\/adatvissza.hu\/en\/wp-json\/wp\/v2\/pages\/2056\/revisions\/9300"}],"wp:attachment":[{"href":"https:\/\/adatvissza.hu\/en\/wp-json\/wp\/v2\/media?parent=2056"}],"curies":[{"name":"wp","href":"https:\/\/api.w.org\/{rel}","templated":true}]}}