{"id":3334,"date":"2025-10-31T19:55:32","date_gmt":"2025-10-31T18:55:32","guid":{"rendered":"https:\/\/adatvissza.hu\/?page_id=3334"},"modified":"2025-12-15T17:03:21","modified_gmt":"2025-12-15T16:03:21","slug":"about-us","status":"publish","type":"page","link":"https:\/\/adatvissza.hu\/en\/professzionalis-adatmentes-adat-helyreallitas\/bemutatkozas\/","title":{"rendered":"About us"},"content":{"rendered":"<div data-elementor-type=\"wp-page\" data-elementor-id=\"3334\" class=\"elementor elementor-3334\" data-elementor-post-type=\"page\">\n\t\t\t\t<div class=\"elementor-element elementor-element-1b16a81 e-flex e-con-boxed e-con e-parent\" data-id=\"1b16a81\" data-element_type=\"container\" data-settings=\"{&quot;background_background&quot;:&quot;classic&quot;,&quot;shape_divider_bottom&quot;:&quot;tilt&quot;}\">\n\t\t\t\t\t<div class=\"e-con-inner\">\n\t\t\t\t<div class=\"elementor-shape elementor-shape-bottom\" aria-hidden=\"true\" data-negative=\"false\">\n\t\t\t<svg xmlns=\"http:\/\/www.w3.org\/2000\/svg\" viewbox=\"0 0 1000 100\" preserveaspectratio=\"none\">\n\t<path class=\"elementor-shape-fill\" d=\"M0,6V0h1000v100L0,6z\"\/>\n<\/svg>\t\t<\/div>\n\t\t\t\t<div class=\"elementor-element elementor-element-d82d4cc elementor-widget elementor-widget-heading\" data-id=\"d82d4cc\" data-element_type=\"widget\" data-widget_type=\"heading.default\">\n\t\t\t\t\t<h1 class=\"elementor-heading-title elementor-size-default\">About us<\/h1>\t\t\t\t<\/div>\n\t\t\t\t\t<\/div>\n\t\t\t\t<\/div>\n\t\t<div class=\"elementor-element elementor-element-71977f8 e-flex e-con-boxed e-con e-parent\" data-id=\"71977f8\" data-element_type=\"container\">\n\t\t\t\t\t<div class=\"e-con-inner\">\n\t\t<div class=\"elementor-element elementor-element-afad144 e-con-full e-flex e-con e-child\" data-id=\"afad144\" data-element_type=\"container\">\n\t\t\t\t<div class=\"elementor-element elementor-element-78f044e elementor-widget elementor-widget-text-editor\" data-id=\"78f044e\" data-element_type=\"widget\" data-widget_type=\"text-editor.default\">\n\t\t\t\t\t\t\t\t\t<div class=\"entry-content\"><p>AdatVissza team achived thousands of successful data recovery in the past years, due to our unique data recovery technology, and the professional technical equipment, last but not least, our colleagues have the knowledge, competence and experience. These are necessary\/irremissible in the case of accurate and efficient detection of loss of data, error analysis, fast retrieving, which provides you, or your company to minimize the costs arising from a lack of data loss.<\/p><p>We develop the changes within computing. Tracked changes in computer technology developed, we expand our tools, thereby ensuring the quality of work.<\/p><p>We resolve the daily personal and private companies to successfully backup, file reconstruction. Important to the ongoing relationship, confidentiality and clear information on the phases of the work for all our clients.<\/p><p>Do not hesitate to contact us, and you are assured, however, will be pleased to see the believed missing irreplaceable data.<\/p><p style=\"text-align: center;\"><strong>AdatVissza adatment\u00e9s Ltd.<\/strong> \u2014 H-2310 Szigetszentmikl\u00f3s, \u00c1prily Lajos utca 25. \u2022 Company number: 13-09-212424 \u2022 Tax number: 29211261-2-13<\/p><\/div>\t\t\t\t\t\t\t\t<\/div>\n\t\t\t\t<div class=\"elementor-element elementor-element-be9f755 elementor-icon-list--layout-inline elementor-align-center elementor-list-item-link-full_width elementor-widget elementor-widget-icon-list\" data-id=\"be9f755\" data-element_type=\"widget\" data-widget_type=\"icon-list.default\">\n\t\t\t\t\t\t\t<ul class=\"elementor-icon-list-items elementor-inline-items\">\n\t\t\t\t\t\t\t<li class=\"elementor-icon-list-item elementor-inline-item\">\n\t\t\t\t\t\t\t\t\t\t\t<a href=\"tel:+36303707307\">\n\n\t\t\t\t\t\t\t\t\t\t\t\t<span class=\"elementor-icon-list-icon\">\n\t\t\t\t\t\t\t<svg aria-hidden=\"true\" class=\"e-font-icon-svg e-fas-phone-alt\" viewbox=\"0 0 512 512\" xmlns=\"http:\/\/www.w3.org\/2000\/svg\"><path d=\"M497.39 361.8l-112-48a24 24 0 0 0-28 6.9l-49.6 60.6A370.66 370.66 0 0 1 130.6 204.11l60.6-49.6a23.94 23.94 0 0 0 6.9-28l-48-112A24.16 24.16 0 0 0 122.6.61l-104 24A24 24 0 0 0 0 48c0 256.5 207.9 464 464 464a24 24 0 0 0 23.4-18.6l24-104a24.29 24.29 0 0 0-14.01-27.6z\"><\/path><\/svg>\t\t\t\t\t\t<\/span>\n\t\t\t\t\t\t\t\t\t\t<span class=\"elementor-icon-list-text\">+36 30 370 7307<\/span>\n\t\t\t\t\t\t\t\t\t\t\t<\/a>\n\t\t\t\t\t\t\t\t\t<\/li>\n\t\t\t\t\t\t\t\t<li class=\"elementor-icon-list-item elementor-inline-item\">\n\t\t\t\t\t\t\t\t\t\t\t<a href=\"mailto:info@adatvissza.hu\">\n\n\t\t\t\t\t\t\t\t\t\t\t\t<span class=\"elementor-icon-list-icon\">\n\t\t\t\t\t\t\t<svg aria-hidden=\"true\" class=\"e-font-icon-svg e-fas-envelope\" viewbox=\"0 0 512 512\" xmlns=\"http:\/\/www.w3.org\/2000\/svg\"><path d=\"M502.3 190.8c3.9-3.1 9.7-.2 9.7 4.7V400c0 26.5-21.5 48-48 48H48c-26.5 0-48-21.5-48-48V195.6c0-5 5.7-7.8 9.7-4.7 22.4 17.4 52.1 39.5 154.1 113.6 21.1 15.4 56.7 47.8 92.2 47.6 35.7.3 72-32.8 92.3-47.6 102-74.1 131.6-96.3 154-113.7zM256 320c23.2.4 56.6-29.2 73.4-41.4 132.7-96.3 142.8-104.7 173.4-128.7 5.8-4.5 9.2-11.5 9.2-18.9v-19c0-26.5-21.5-48-48-48H48C21.5 64 0 85.5 0 112v19c0 7.4 3.4 14.3 9.2 18.9 30.6 23.9 40.7 32.4 173.4 128.7 16.8 12.2 50.2 41.8 73.4 41.4z\"><\/path><\/svg>\t\t\t\t\t\t<\/span>\n\t\t\t\t\t\t\t\t\t\t<span class=\"elementor-icon-list-text\">info@adatvissza.hu<\/span>\n\t\t\t\t\t\t\t\t\t\t\t<\/a>\n\t\t\t\t\t\t\t\t\t<\/li>\n\t\t\t\t\t\t\t\t<li class=\"elementor-icon-list-item elementor-inline-item\">\n\t\t\t\t\t\t\t\t\t\t\t<a href=\"https:\/\/adatvissza.hu\/en\/\">\n\n\t\t\t\t\t\t\t\t\t\t\t\t<span class=\"elementor-icon-list-icon\">\n\t\t\t\t\t\t\t<svg aria-hidden=\"true\" class=\"e-font-icon-svg e-fas-globe\" viewbox=\"0 0 496 512\" xmlns=\"http:\/\/www.w3.org\/2000\/svg\"><path d=\"M336.5 160C322 70.7 287.8 8 248 8s-74 62.7-88.5 152h177zM152 256c0 22.2 1.2 43.5 3.3 64h185.3c2.1-20.5 3.3-41.8 3.3-64s-1.2-43.5-3.3-64H155.3c-2.1 20.5-3.3 41.8-3.3 64zm324.7-96c-28.6-67.9-86.5-120.4-158-141.6 24.4 33.8 41.2 84.7 50 141.6h108zM177.2 18.4C105.8 39.6 47.8 92.1 19.3 160h108c8.7-56.9 25.5-107.8 49.9-141.6zM487.4 192H372.7c2.1 21 3.3 42.5 3.3 64s-1.2 43-3.3 64h114.6c5.5-20.5 8.6-41.8 8.6-64s-3.1-43.5-8.5-64zM120 256c0-21.5 1.2-43 3.3-64H8.6C3.2 212.5 0 233.8 0 256s3.2 43.5 8.6 64h114.6c-2-21-3.2-42.5-3.2-64zm39.5 96c14.5 89.3 48.7 152 88.5 152s74-62.7 88.5-152h-177zm159.3 141.6c71.4-21.2 129.4-73.7 158-141.6h-108c-8.8 56.9-25.6 107.8-50 141.6zM19.3 352c28.6 67.9 86.5 120.4 158 141.6-24.4-33.8-41.2-84.7-50-141.6h-108z\"><\/path><\/svg>\t\t\t\t\t\t<\/span>\n\t\t\t\t\t\t\t\t\t\t<span class=\"elementor-icon-list-text\">adatvissza.hu<\/span>\n\t\t\t\t\t\t\t\t\t\t\t<\/a>\n\t\t\t\t\t\t\t\t\t<\/li>\n\t\t\t\t\t\t<\/ul>\n\t\t\t\t\t\t<\/div>\n\t\t\t\t<\/div>\n\t\t<div class=\"elementor-element elementor-element-ff9fe79 e-con-full e-flex e-con e-child\" data-id=\"ff9fe79\" data-element_type=\"container\">\n\t\t\t\t<div class=\"elementor-element elementor-element-3545266 elementor-widget elementor-widget-heading\" data-id=\"3545266\" data-element_type=\"widget\" data-widget_type=\"heading.default\">\n\t\t\t\t\t<h3 class=\"elementor-heading-title elementor-size-default\">Data recovery prices<\/h3>\t\t\t\t<\/div>\n\t\t\t\t<div class=\"elementor-element elementor-element-1cb6a60 elementor-widget elementor-widget-heading\" data-id=\"1cb6a60\" data-element_type=\"widget\" data-widget_type=\"heading.default\">\n\t\t\t\t\t<h6 class=\"elementor-heading-title elementor-size-default\"><a href=\"https:\/\/adatvissza.hu\/en\/adatmentes-arak\/merevlemez-mentes\/\">Hard drive data recovery prices<\/a><\/h6>\t\t\t\t<\/div>\n\t\t\t\t<div class=\"elementor-element elementor-element-ce2e25e elementor-widget elementor-widget-heading\" data-id=\"ce2e25e\" data-element_type=\"widget\" data-widget_type=\"heading.default\">\n\t\t\t\t\t<h6 class=\"elementor-heading-title elementor-size-default\"><a href=\"https:\/\/adatvissza.hu\/en\/adatmentes-arak\/ssd-mentes\/\">SSD Data Recovery Prices<\/a><\/h6>\t\t\t\t<\/div>\n\t\t\t\t<div class=\"elementor-element elementor-element-82bf3c8 elementor-widget elementor-widget-heading\" data-id=\"82bf3c8\" data-element_type=\"widget\" data-widget_type=\"heading.default\">\n\t\t\t\t\t<h6 class=\"elementor-heading-title elementor-size-default\"><a href=\"https:\/\/adatvissza.hu\/en\/adatmentes-arak\/nvme-ssd-mentes\/\">NVMe SSD Data Recovery Prices<\/a><\/h6>\t\t\t\t<\/div>\n\t\t\t\t<div class=\"elementor-element elementor-element-41b0e65 elementor-widget elementor-widget-heading\" data-id=\"41b0e65\" data-element_type=\"widget\" data-widget_type=\"heading.default\">\n\t\t\t\t\t<h6 class=\"elementor-heading-title elementor-size-default\"><a href=\"https:\/\/adatvissza.hu\/en\/adatmentes-arak\/raid-nas-szerver-adatmentes\/\">RAID | NAS | data recovery prices<\/a><\/h6>\t\t\t\t<\/div>\n\t\t\t\t<div class=\"elementor-element elementor-element-8e0bb62 elementor-widget elementor-widget-heading\" data-id=\"8e0bb62\" data-element_type=\"widget\" data-widget_type=\"heading.default\">\n\t\t\t\t\t<h6 class=\"elementor-heading-title elementor-size-default\"><a href=\"https:\/\/adatvissza.hu\/en\/adatmentes-arak\/asztali-szamitogep-pc\/\">Desktop PC data recovery prices<\/a><\/h6>\t\t\t\t<\/div>\n\t\t\t\t<div class=\"elementor-element elementor-element-7e9be61 elementor-widget elementor-widget-heading\" data-id=\"7e9be61\" data-element_type=\"widget\" data-widget_type=\"heading.default\">\n\t\t\t\t\t<h6 class=\"elementor-heading-title elementor-size-default\"><a href=\"https:\/\/adatvissza.hu\/en\/adatmentes-arak\/laptop\/\">Laptop data recovery prices<\/a><\/h6>\t\t\t\t<\/div>\n\t\t\t\t<div class=\"elementor-element elementor-element-bc382a4 elementor-widget elementor-widget-heading\" data-id=\"bc382a4\" data-element_type=\"widget\" data-widget_type=\"heading.default\">\n\t\t\t\t\t<h6 class=\"elementor-heading-title elementor-size-default\"><a href=\"https:\/\/adatvissza.hu\/en\/adatmentes-arak\/pendrive-adatmentes-arak\/\">Pendrive data recovery prices<\/a><\/h6>\t\t\t\t<\/div>\n\t\t\t\t<div class=\"elementor-element elementor-element-5f7c83d elementor-widget elementor-widget-heading\" data-id=\"5f7c83d\" data-element_type=\"widget\" data-widget_type=\"heading.default\">\n\t\t\t\t\t<h6 class=\"elementor-heading-title elementor-size-default\"><a href=\"https:\/\/adatvissza.hu\/en\/adatmentes-arak\/memoriakartya-mentes\/\">Memory card data recovery prices<\/a><\/h6>\t\t\t\t<\/div>\n\t\t\t\t<div class=\"elementor-element elementor-element-18e9d7e elementor-widget elementor-widget-heading\" data-id=\"18e9d7e\" data-element_type=\"widget\" data-widget_type=\"heading.default\">\n\t\t\t\t\t<h3 class=\"elementor-heading-title elementor-size-default\">Blog<\/h3>\t\t\t\t<\/div>\n\t\t\t\t<div class=\"elementor-element elementor-element-40cc9f3 elementor-grid-1 elementor-grid-tablet-2 elementor-grid-mobile-1 elementor-posts--thumbnail-top elementor-widget elementor-widget-posts\" data-id=\"40cc9f3\" data-element_type=\"widget\" data-settings=\"{&quot;classic_columns&quot;:&quot;1&quot;,&quot;classic_columns_tablet&quot;:&quot;2&quot;,&quot;classic_columns_mobile&quot;:&quot;1&quot;,&quot;classic_row_gap&quot;:{&quot;unit&quot;:&quot;px&quot;,&quot;size&quot;:35,&quot;sizes&quot;:[]},&quot;classic_row_gap_laptop&quot;:{&quot;unit&quot;:&quot;px&quot;,&quot;size&quot;:&quot;&quot;,&quot;sizes&quot;:[]},&quot;classic_row_gap_tablet&quot;:{&quot;unit&quot;:&quot;px&quot;,&quot;size&quot;:&quot;&quot;,&quot;sizes&quot;:[]},&quot;classic_row_gap_mobile&quot;:{&quot;unit&quot;:&quot;px&quot;,&quot;size&quot;:&quot;&quot;,&quot;sizes&quot;:[]}}\" data-widget_type=\"posts.classic\">\n\t\t\t\t<div class=\"elementor-widget-container\">\n\t\t\t\t\t\t\t<div class=\"elementor-posts-container elementor-posts elementor-posts--skin-classic elementor-grid\" role=\"list\">\n\t\t\t\t<article class=\"elementor-post elementor-grid-item post-9305 post type-post status-publish format-standard hentry category-nvme-ssd-adatmentes\" role=\"listitem\">\n\t\t\t\t<div class=\"elementor-post__text\">\n\t\t\t\t<h3 class=\"elementor-post__title\">\n\t\t\t<a href=\"https:\/\/adatvissza.hu\/en\/xpg-adata-sx6000np-512gb-nvme-adatmentes\/\" target=\"&quot;_blank&quot;\">\n\t\t\t\tXPG ADATA SX6000NP 512GB NVMe adatment\u00e9s\t\t\t<\/a>\n\t\t<\/h3>\n\t\t\t\t<div class=\"elementor-post__meta-data\">\n\t\t\t\t\t<span class=\"elementor-post-author\">\n\t\t\tAdatVissza\t\t<\/span>\n\t\t\t\t<span class=\"elementor-post-date\">\n\t\t\t2025.12.19.\t\t<\/span>\n\t\t\t\t<\/div>\n\t\t\t\t<div class=\"elementor-post__excerpt\">\n\t\t\t<p>Sikeres adatment\u00e9s k\u00e9sz\u00fclt egy olyan NVMe SSD-r\u0151l, mint az ADATA SX6000NP 512GB NVMe SSD. Szint\u00e9n fontos kiemelni, hogy az XPG ADATA 512GB szer\u00e9ny sikeres adatment\u00e9s\u00e9nek<\/p>\n\t\t<\/div>\n\t\t\n\t\t<a class=\"elementor-post__read-more\" href=\"https:\/\/adatvissza.hu\/en\/xpg-adata-sx6000np-512gb-nvme-adatmentes\/\" aria-label=\"Read more about XPG ADATA SX6000NP 512GB NVMe adatment\u00e9s\" tabindex=\"-1\" target=\"_blank\">\n\t\t\tTov\u00e1bb olvasom \u00bb\t\t<\/a>\n\n\t\t\t\t<\/div>\n\t\t\t\t<\/article>\n\t\t\t\t<article class=\"elementor-post elementor-grid-item post-7973 post type-post status-publish format-standard hentry category-nvme-ssd-adatmentes\" role=\"listitem\">\n\t\t\t\t<div class=\"elementor-post__text\">\n\t\t\t\t<h3 class=\"elementor-post__title\">\n\t\t\t<a href=\"https:\/\/adatvissza.hu\/en\/sikeres-adatmentes-egy-samsung-4tb-os-nvme-ssd-rol\/\" target=\"&quot;_blank&quot;\">\n\t\t\t\tSikeres adatment\u00e9s egy Samsung 4TB-os NVMe SSD-r\u0151l\t\t\t<\/a>\n\t\t<\/h3>\n\t\t\t\t<div class=\"elementor-post__meta-data\">\n\t\t\t\t\t<span class=\"elementor-post-author\">\n\t\t\tAdatVissza\t\t<\/span>\n\t\t\t\t<span class=\"elementor-post-date\">\n\t\t\t2025.11.07.\t\t<\/span>\n\t\t\t\t<\/div>\n\t\t\t\t<div class=\"elementor-post__excerpt\">\n\t\t\t<p>Sikeres adatment\u00e9s k\u00e9sz\u00fclt egy Samsung 4TB-os NVMe SSD-r\u0151l, ami r\u00e1ad\u00e1sul az adatment\u0151 hardver-szoftver \u00e1ltal nem is t\u00e1mogatott. De a szakmai tapasztalatok, na meg n\u00e9h\u00e1ny szakmai<\/p>\n\t\t<\/div>\n\t\t\n\t\t<a class=\"elementor-post__read-more\" href=\"https:\/\/adatvissza.hu\/en\/sikeres-adatmentes-egy-samsung-4tb-os-nvme-ssd-rol\/\" aria-label=\"Read more about Sikeres adatment\u00e9s egy Samsung 4TB-os NVMe SSD-r\u0151l\" tabindex=\"-1\" target=\"_blank\">\n\t\t\tTov\u00e1bb olvasom \u00bb\t\t<\/a>\n\n\t\t\t\t<\/div>\n\t\t\t\t<\/article>\n\t\t\t\t<article class=\"elementor-post elementor-grid-item post-1675 post type-post status-publish format-standard hentry category-nvme-ssd-adatmentes\" role=\"listitem\">\n\t\t\t\t<div class=\"elementor-post__text\">\n\t\t\t\t<h3 class=\"elementor-post__title\">\n\t\t\t<a href=\"https:\/\/adatvissza.hu\/en\/nvme-ssd-adatmentes\/\" target=\"&quot;_blank&quot;\">\n\t\t\t\tNVMe SSD data recovery\t\t\t<\/a>\n\t\t<\/h3>\n\t\t\t\t<div class=\"elementor-post__meta-data\">\n\t\t\t\t\t<span class=\"elementor-post-author\">\n\t\t\tAdatVissza\t\t<\/span>\n\t\t\t\t<span class=\"elementor-post-date\">\n\t\t\t2025.10.22.\t\t<\/span>\n\t\t\t\t<\/div>\n\t\t\t\t<div class=\"elementor-post__excerpt\">\n\t\t\t<p>Kedves Olvas\u00f3! Mostant\u00f3l t\u00e1mogatjuk az NVMe SSD-k adatment\u00e9s\u00e9t is. AdatVissza NVMe adatment\u00e9s T\u00e1mogatotts\u00e1gi lista: b\u0151vebben itt&#8230; Az \u00faj fejleszt\u00e9s eredm\u00e9ny\u00e9nek k\u00f6sz\u00f6nhet\u0151 az ACELaboratory \u00e1ltal fejlesztett<\/p>\n\t\t<\/div>\n\t\t\n\t\t<a class=\"elementor-post__read-more\" href=\"https:\/\/adatvissza.hu\/en\/nvme-ssd-adatmentes\/\" aria-label=\"Read more about NVMe SSD adatment\u00e9s\" tabindex=\"-1\" target=\"_blank\">\n\t\t\tTov\u00e1bb olvasom \u00bb\t\t<\/a>\n\n\t\t\t\t<\/div>\n\t\t\t\t<\/article>\n\t\t\t\t<\/div>\n\t\t\n\t\t\t\t\t\t<\/div>\n\t\t\t\t<\/div>\n\t\t\t\t<\/div>\n\t\t\t\t\t<\/div>\n\t\t\t\t<\/div>\n\t\t\t\t<\/div>","protected":false},"excerpt":{"rendered":"<p>Bemutatkoz\u00e1s Az AdatVissza csapat az elm\u00falt \u00e9vekben t\u00f6bb ezer sikeres adatment\u00e9st hajtott v\u00e9gre, ez k\u00f6sz\u00f6nhet\u0151 az egyed\u00fcl\u00e1ll\u00f3 adatment\u00e9si technol\u00f3gi\u00e1nknak, valamint a professzion\u00e1lis technikai felszerelts\u00e9g\u00e9nek, \u00e9s nem utols\u00f3 sorban a hozz\u00e1\u00e9rt\u0151, felk\u00e9sz\u00fclt \u00e9s tapasztalt koll\u00e9g\u00e1inknak. Ezek elengedhetetlenek, az adatveszt\u00e9s ok\u00e1nak pontos, hat\u00e9kony felder\u00edt\u00e9s\u00e9ben, a hiba elemz\u00e9s\u00e9ben, a gyors adatvisszanyer\u00e9sben, ami biztos\u00edtja az \u00d6n vagy c\u00e9ge sz\u00e1m\u00e1ra, [&hellip;]<\/p>\n","protected":false},"author":1,"featured_media":0,"parent":602,"menu_order":0,"comment_status":"closed","ping_status":"closed","template":"","meta":{"footnotes":""},"class_list":["post-3334","page","type-page","status-publish","hentry"],"yoast_head":"<!-- This site is optimized with the Yoast SEO Premium plugin v27.1 (Yoast SEO v27.1.1) - https:\/\/yoast.com\/product\/yoast-seo-premium-wordpress\/ -->\n<title>Bemutatoz\u00e1s | AdatVissza<\/title>\n<meta name=\"description\" content=\"Csapatunk az elm\u00falt \u00e9vekben t\u00f6bb ezer sikeres adatment\u00e9st hajtott v\u00e9gre, k\u00f6sz\u00f6nhet\u0151en az egyed\u00fcl\u00e1ll\u00f3 adatment\u00e9si technol\u00f3gi\u00e1nknak.\" \/>\n<meta name=\"robots\" content=\"index, follow, max-snippet:-1, max-image-preview:large, max-video-preview:-1\" \/>\n<link rel=\"canonical\" href=\"https:\/\/adatvissza.hu\/en\/professzionalis-adatmentes-adat-helyreallitas\/about-us\/\" \/>\n<meta property=\"og:locale\" content=\"en_GB\" \/>\n<meta property=\"og:type\" content=\"article\" \/>\n<meta property=\"og:title\" content=\"Bemutatkoz\u00e1s\" \/>\n<meta property=\"og:description\" content=\"Csapatunk az elm\u00falt \u00e9vekben t\u00f6bb ezer sikeres adatment\u00e9st hajtott v\u00e9gre, k\u00f6sz\u00f6nhet\u0151en az egyed\u00fcl\u00e1ll\u00f3 adatment\u00e9si technol\u00f3gi\u00e1nknak.\" \/>\n<meta property=\"og:url\" content=\"https:\/\/adatvissza.hu\/en\/professzionalis-adatmentes-adat-helyreallitas\/about-us\/\" \/>\n<meta property=\"og:site_name\" content=\"AdatVissza\" \/>\n<meta property=\"article:publisher\" content=\"http:\/\/facebook.com\/adatvissza\" \/>\n<meta property=\"article:modified_time\" content=\"2025-12-15T16:03:21+00:00\" \/>\n<meta name=\"twitter:card\" content=\"summary_large_image\" \/>\n<meta name=\"twitter:label1\" content=\"Estimated reading time\" \/>\n\t<meta name=\"twitter:data1\" content=\"2 minutes\" \/>\n<script type=\"application\/ld+json\" class=\"yoast-schema-graph\">{\"@context\":\"https:\/\/schema.org\",\"@graph\":[{\"@type\":\"WebPage\",\"@id\":\"https:\/\/adatvissza.hu\/professzionalis-adatmentes-adat-helyreallitas\/bemutatkozas\/\",\"url\":\"https:\/\/adatvissza.hu\/professzionalis-adatmentes-adat-helyreallitas\/bemutatkozas\/\",\"name\":\"Bemutatoz\u00e1s | AdatVissza\",\"isPartOf\":{\"@id\":\"https:\/\/adatvissza.hu\/#website\"},\"datePublished\":\"2025-10-31T18:55:32+00:00\",\"dateModified\":\"2025-12-15T16:03:21+00:00\",\"description\":\"Csapatunk az elm\u00falt \u00e9vekben t\u00f6bb ezer sikeres adatment\u00e9st hajtott v\u00e9gre, k\u00f6sz\u00f6nhet\u0151en az egyed\u00fcl\u00e1ll\u00f3 adatment\u00e9si technol\u00f3gi\u00e1nknak.\",\"breadcrumb\":{\"@id\":\"https:\/\/adatvissza.hu\/professzionalis-adatmentes-adat-helyreallitas\/bemutatkozas\/#breadcrumb\"},\"inLanguage\":\"en-GB\",\"potentialAction\":[{\"@type\":\"ReadAction\",\"target\":[\"https:\/\/adatvissza.hu\/professzionalis-adatmentes-adat-helyreallitas\/bemutatkozas\/\"]}]},{\"@type\":\"BreadcrumbList\",\"@id\":\"https:\/\/adatvissza.hu\/professzionalis-adatmentes-adat-helyreallitas\/bemutatkozas\/#breadcrumb\",\"itemListElement\":[{\"@type\":\"ListItem\",\"position\":1,\"name\":\"Kezd\u0151lap\",\"item\":\"https:\/\/adatvissza.hu\/\"},{\"@type\":\"ListItem\",\"position\":2,\"name\":\"F\u0151oldal\",\"item\":\"https:\/\/adatvissza.hu\/\"},{\"@type\":\"ListItem\",\"position\":3,\"name\":\"Bemutatkoz\u00e1s\"}]},{\"@type\":\"WebSite\",\"@id\":\"https:\/\/adatvissza.hu\/#website\",\"url\":\"https:\/\/adatvissza.hu\/\",\"name\":\"AdatVissza\",\"description\":\"Adatment\u00e9s, adatvissza\u00e1ll\u00edt\u00e1s b\u00e1rmilyen adathordoz\u00f3r\u00f3l\",\"publisher\":{\"@id\":\"https:\/\/adatvissza.hu\/#organization\"},\"potentialAction\":[{\"@type\":\"SearchAction\",\"target\":{\"@type\":\"EntryPoint\",\"urlTemplate\":\"https:\/\/adatvissza.hu\/?s={search_term_string}\"},\"query-input\":{\"@type\":\"PropertyValueSpecification\",\"valueRequired\":true,\"valueName\":\"search_term_string\"}}],\"inLanguage\":\"en-GB\"},{\"@type\":\"Organization\",\"@id\":\"https:\/\/adatvissza.hu\/#organization\",\"name\":\"AdatVissza adatment\u00e9s Kft.\",\"alternateName\":\"AdatVissza adatment\u00e9s Kft.\",\"url\":\"https:\/\/adatvissza.hu\/\",\"logo\":{\"@type\":\"ImageObject\",\"inLanguage\":\"en-GB\",\"@id\":\"https:\/\/adatvissza.hu\/#\/schema\/logo\/image\/\",\"url\":\"https:\/\/adatvissza.hu\/wp-content\/uploads\/2025\/09\/adatvissza_logo_25.svg\",\"contentUrl\":\"https:\/\/adatvissza.hu\/wp-content\/uploads\/2025\/09\/adatvissza_logo_25.svg\",\"width\":600,\"height\":384,\"caption\":\"AdatVissza adatment\u00e9s Kft.\"},\"image\":{\"@id\":\"https:\/\/adatvissza.hu\/#\/schema\/logo\/image\/\"},\"sameAs\":[\"http:\/\/facebook.com\/adatvissza\"],\"email\":\"info@adatvissza.hu\",\"telephone\":\"06303707307\",\"taxID\":\"29211261-2-13\"}]}<\/script>\n<!-- \/ Yoast SEO Premium plugin. -->","yoast_head_json":{"title":"About us | AdatVissza","description":"Our team has performed thousands of successful data recoveries in recent years, thanks to our unique data recovery technology.","robots":{"index":"index","follow":"follow","max-snippet":"max-snippet:-1","max-image-preview":"max-image-preview:large","max-video-preview":"max-video-preview:-1"},"canonical":"https:\/\/adatvissza.hu\/en\/professzionalis-adatmentes-adat-helyreallitas\/about-us\/","og_locale":"en_GB","og_type":"article","og_title":"Bemutatkoz\u00e1s","og_description":"Csapatunk az elm\u00falt \u00e9vekben t\u00f6bb ezer sikeres adatment\u00e9st hajtott v\u00e9gre, k\u00f6sz\u00f6nhet\u0151en az egyed\u00fcl\u00e1ll\u00f3 adatment\u00e9si technol\u00f3gi\u00e1nknak.","og_url":"https:\/\/adatvissza.hu\/en\/professzionalis-adatmentes-adat-helyreallitas\/about-us\/","og_site_name":"AdatVissza","article_publisher":"http:\/\/facebook.com\/adatvissza","article_modified_time":"2025-12-15T16:03:21+00:00","twitter_card":"summary_large_image","twitter_misc":{"Estimated reading time":"2 minutes"},"schema":{"@context":"https:\/\/schema.org","@graph":[{"@type":"WebPage","@id":"https:\/\/adatvissza.hu\/professzionalis-adatmentes-adat-helyreallitas\/bemutatkozas\/","url":"https:\/\/adatvissza.hu\/professzionalis-adatmentes-adat-helyreallitas\/bemutatkozas\/","name":"About us | AdatVissza","isPartOf":{"@id":"https:\/\/adatvissza.hu\/#website"},"datePublished":"2025-10-31T18:55:32+00:00","dateModified":"2025-12-15T16:03:21+00:00","description":"Our team has performed thousands of successful data recoveries in recent years, thanks to our unique data recovery technology.","breadcrumb":{"@id":"https:\/\/adatvissza.hu\/professzionalis-adatmentes-adat-helyreallitas\/bemutatkozas\/#breadcrumb"},"inLanguage":"en-GB","potentialAction":[{"@type":"ReadAction","target":["https:\/\/adatvissza.hu\/professzionalis-adatmentes-adat-helyreallitas\/bemutatkozas\/"]}]},{"@type":"BreadcrumbList","@id":"https:\/\/adatvissza.hu\/professzionalis-adatmentes-adat-helyreallitas\/bemutatkozas\/#breadcrumb","itemListElement":[{"@type":"ListItem","position":1,"name":"Kezd\u0151lap","item":"https:\/\/adatvissza.hu\/"},{"@type":"ListItem","position":2,"name":"F\u0151oldal","item":"https:\/\/adatvissza.hu\/"},{"@type":"ListItem","position":3,"name":"Bemutatkoz\u00e1s"}]},{"@type":"WebSite","@id":"https:\/\/adatvissza.hu\/#website","url":"https:\/\/adatvissza.hu\/","name":"AdatVissza","description":"Adatment\u00e9s, adatvissza\u00e1ll\u00edt\u00e1s b\u00e1rmilyen adathordoz\u00f3r\u00f3l","publisher":{"@id":"https:\/\/adatvissza.hu\/#organization"},"potentialAction":[{"@type":"SearchAction","target":{"@type":"EntryPoint","urlTemplate":"https:\/\/adatvissza.hu\/?s={search_term_string}"},"query-input":{"@type":"PropertyValueSpecification","valueRequired":true,"valueName":"search_term_string"}}],"inLanguage":"en-GB"},{"@type":"Organization","@id":"https:\/\/adatvissza.hu\/#organization","name":"AdatVissza adatment\u00e9s Ltd.","alternateName":"AdatVissza adatment\u00e9s Kft.","url":"https:\/\/adatvissza.hu\/","logo":{"@type":"ImageObject","inLanguage":"en-GB","@id":"https:\/\/adatvissza.hu\/#\/schema\/logo\/image\/","url":"https:\/\/adatvissza.hu\/wp-content\/uploads\/2025\/09\/adatvissza_logo_25.svg","contentUrl":"https:\/\/adatvissza.hu\/wp-content\/uploads\/2025\/09\/adatvissza_logo_25.svg","width":600,"height":384,"caption":"AdatVissza adatment\u00e9s Kft."},"image":{"@id":"https:\/\/adatvissza.hu\/#\/schema\/logo\/image\/"},"sameAs":["http:\/\/facebook.com\/adatvissza"],"email":"info@adatvissza.hu","telephone":"06303707307","taxID":"29211261-2-13"}]}},"_links":{"self":[{"href":"https:\/\/adatvissza.hu\/en\/wp-json\/wp\/v2\/pages\/3334","targetHints":{"allow":["GET"]}}],"collection":[{"href":"https:\/\/adatvissza.hu\/en\/wp-json\/wp\/v2\/pages"}],"about":[{"href":"https:\/\/adatvissza.hu\/en\/wp-json\/wp\/v2\/types\/page"}],"author":[{"embeddable":true,"href":"https:\/\/adatvissza.hu\/en\/wp-json\/wp\/v2\/users\/1"}],"replies":[{"embeddable":true,"href":"https:\/\/adatvissza.hu\/en\/wp-json\/wp\/v2\/comments?post=3334"}],"version-history":[{"count":28,"href":"https:\/\/adatvissza.hu\/en\/wp-json\/wp\/v2\/pages\/3334\/revisions"}],"predecessor-version":[{"id":9276,"href":"https:\/\/adatvissza.hu\/en\/wp-json\/wp\/v2\/pages\/3334\/revisions\/9276"}],"up":[{"embeddable":true,"href":"https:\/\/adatvissza.hu\/en\/wp-json\/wp\/v2\/pages\/602"}],"wp:attachment":[{"href":"https:\/\/adatvissza.hu\/en\/wp-json\/wp\/v2\/media?parent=3334"}],"curies":[{"name":"wp","href":"https:\/\/api.w.org\/{rel}","templated":true}]}}