{"id":3376,"date":"2025-10-31T23:27:02","date_gmt":"2025-10-31T22:27:02","guid":{"rendered":"https:\/\/adatvissza.hu\/?page_id=3376"},"modified":"2025-12-15T16:59:25","modified_gmt":"2025-12-15T15:59:25","slug":"recommended-sites","status":"publish","type":"page","link":"https:\/\/adatvissza.hu\/en\/ajanlott-oldalak\/","title":{"rendered":"Recommended sites"},"content":{"rendered":"<div data-elementor-type=\"wp-page\" data-elementor-id=\"3376\" class=\"elementor elementor-3376\" data-elementor-post-type=\"page\">\n\t\t\t\t<div class=\"elementor-element elementor-element-6108ec1 e-flex e-con-boxed e-con e-parent\" data-id=\"6108ec1\" data-element_type=\"container\" data-settings=\"{&quot;background_background&quot;:&quot;classic&quot;,&quot;shape_divider_bottom&quot;:&quot;tilt&quot;}\">\n\t\t\t\t\t<div class=\"e-con-inner\">\n\t\t\t\t<div class=\"elementor-shape elementor-shape-bottom\" aria-hidden=\"true\" data-negative=\"false\">\n\t\t\t<svg xmlns=\"http:\/\/www.w3.org\/2000\/svg\" viewbox=\"0 0 1000 100\" preserveaspectratio=\"none\">\n\t<path class=\"elementor-shape-fill\" d=\"M0,6V0h1000v100L0,6z\"\/>\n<\/svg>\t\t<\/div>\n\t\t\t\t<div class=\"elementor-element elementor-element-cc1ada8 elementor-widget elementor-widget-heading\" data-id=\"cc1ada8\" data-element_type=\"widget\" data-widget_type=\"heading.default\">\n\t\t\t\t\t<h1 class=\"elementor-heading-title elementor-size-default\">Recommended sites<\/h1>\t\t\t\t<\/div>\n\t\t\t\t\t<\/div>\n\t\t\t\t<\/div>\n\t\t<div class=\"elementor-element elementor-element-5b60619 e-flex e-con-boxed e-con e-parent\" data-id=\"5b60619\" data-element_type=\"container\">\n\t\t\t\t\t<div class=\"e-con-inner\">\n\t\t<div class=\"elementor-element elementor-element-0c0f0f4 e-con-full e-flex e-con e-child\" data-id=\"0c0f0f4\" data-element_type=\"container\">\n\t\t<div class=\"elementor-element elementor-element-bc36fa3 e-con-full e-flex e-con e-child\" data-id=\"bc36fa3\" data-element_type=\"container\">\n\t\t\t\t<div class=\"elementor-element elementor-element-d9579ff elementor-widget elementor-widget-text-editor\" data-id=\"d9579ff\" data-element_type=\"widget\" data-widget_type=\"text-editor.default\">\n\t\t\t\t\t\t\t\t\t<div class=\"entry-content\"><ul><li><a href=\"https:\/\/wordpress-szakerto.hu\" target=\"_blank\" rel=\"noopener noreferrer\">wordpress-szakerto.hu<\/a> \u2013 Weboldal karbantart\u00e1s, fejleszt\u00e9s, optimaliz\u00e1l\u00e1s<\/li><li><a href=\"https:\/\/www.freeforms.hu\" target=\"_blank\" rel=\"noopener noreferrer\">www.freeforms.hu<\/a> \u2013 Fot\u00f3, grafika, web design<\/li><li><a href=\"https:\/\/www.abrahamestarsa.hu\" target=\"_blank\" rel=\"noopener noreferrer\">www.abrahamestarsa.hu<\/a> \u2013 Tervez\u00e9s, \u00e9p\u00edt\u00e9s, kivitelez\u00e9s<\/li><li><a href=\"https:\/\/www.elektrofok.hu\" target=\"_blank\" rel=\"noopener noreferrer\">www.elektrofok.hu<\/a> \u2013 Elektronikai alkatr\u00e9sz-kereskedelem<\/li><li><a href=\"https:\/\/www.itvkurzor.hu\" target=\"_blank\" rel=\"noopener noreferrer\">www.itvkurzor.hu<\/a> \u2013 Irodai kell\u00e9kek<\/li><li><a href=\"https:\/\/www.lapanthera.hu\" target=\"_blank\" rel=\"noopener noreferrer\">www.lapanthera.hu<\/a> \u2013 Elektronikai alkatr\u00e9sz-kereskedelem<\/li><li><a href=\"https:\/\/www.mocsaribalazs.hu\" target=\"_blank\" rel=\"noopener noreferrer\">www.mocsaribalazs.hu<\/a> \u2013 Villamos biztons\u00e1gtechnikai fel\u00fclvizsg\u00e1l\u00f3<\/li><li><a href=\"https:\/\/www.supernotebook.hu\" target=\"_blank\" rel=\"noopener noreferrer\">www.supernotebook.hu<\/a> \u2013 Sz\u00e1m\u00edt\u00e1stechnikai web\u00e1ruh\u00e1z<\/li><li><a href=\"https:\/\/www.ssdadatmentes.hu\" target=\"_blank\" rel=\"noopener noreferrer\">www.ssdadatmentes.hu<\/a> \u2013 SSD adatment\u00e9s<\/li><li><a href=\"https:\/\/www.memoriakartyaadatmentes.hu\" target=\"_blank\" rel=\"noopener noreferrer\">www.memoriakartyaadatmentes.hu<\/a> \u2013 Mem\u00f3riak\u00e1rtya adatment\u00e9s<\/li><li><a href=\"https:\/\/www.pendriveadatmentes.hu\" target=\"_blank\" rel=\"noopener noreferrer\">www.pendriveadatmentes.hu<\/a> \u2013 Pendrive adatment\u00e9s<\/li><\/ul><\/div>\t\t\t\t\t\t\t\t<\/div>\n\t\t\t\t<\/div>\n\t\t\t\t<\/div>\n\t\t<div class=\"elementor-element elementor-element-bb28bff e-con-full e-flex e-con e-child\" data-id=\"bb28bff\" data-element_type=\"container\">\n\t\t\t\t<div class=\"elementor-element elementor-element-7022037 elementor-widget elementor-widget-heading\" data-id=\"7022037\" data-element_type=\"widget\" data-widget_type=\"heading.default\">\n\t\t\t\t\t<h3 class=\"elementor-heading-title elementor-size-default\">Data recovery prices<\/h3>\t\t\t\t<\/div>\n\t\t\t\t<div class=\"elementor-element elementor-element-7e65400 elementor-widget elementor-widget-heading\" data-id=\"7e65400\" data-element_type=\"widget\" data-widget_type=\"heading.default\">\n\t\t\t\t\t<h6 class=\"elementor-heading-title elementor-size-default\"><a href=\"https:\/\/adatvissza.hu\/en\/adatmentes-arak\/merevlemez-mentes\/\">Hard drive data recovery prices<\/a><\/h6>\t\t\t\t<\/div>\n\t\t\t\t<div class=\"elementor-element elementor-element-985e44b elementor-widget elementor-widget-heading\" data-id=\"985e44b\" data-element_type=\"widget\" data-widget_type=\"heading.default\">\n\t\t\t\t\t<h6 class=\"elementor-heading-title elementor-size-default\"><a href=\"https:\/\/adatvissza.hu\/en\/adatmentes-arak\/ssd-mentes\/\">SSD Data Recovery Prices<\/a><\/h6>\t\t\t\t<\/div>\n\t\t\t\t<div class=\"elementor-element elementor-element-cb2d18b elementor-widget elementor-widget-heading\" data-id=\"cb2d18b\" data-element_type=\"widget\" data-widget_type=\"heading.default\">\n\t\t\t\t\t<h6 class=\"elementor-heading-title elementor-size-default\"><a href=\"https:\/\/adatvissza.hu\/en\/adatmentes-arak\/nvme-ssd-mentes\/\">NVMe SSD Data Recovery Prices<\/a><\/h6>\t\t\t\t<\/div>\n\t\t\t\t<div class=\"elementor-element elementor-element-0a295c3 elementor-widget elementor-widget-heading\" data-id=\"0a295c3\" data-element_type=\"widget\" data-widget_type=\"heading.default\">\n\t\t\t\t\t<h6 class=\"elementor-heading-title elementor-size-default\"><a href=\"https:\/\/adatvissza.hu\/en\/adatmentes-arak\/raid-nas-szerver-adatmentes\/\">RAID | NAS | data recovery prices<\/a><\/h6>\t\t\t\t<\/div>\n\t\t\t\t<div class=\"elementor-element elementor-element-6520591 elementor-widget elementor-widget-heading\" data-id=\"6520591\" data-element_type=\"widget\" data-widget_type=\"heading.default\">\n\t\t\t\t\t<h6 class=\"elementor-heading-title elementor-size-default\"><a href=\"https:\/\/adatvissza.hu\/en\/adatmentes-arak\/asztali-szamitogep-pc\/\">Desktop PC data recovery prices<\/a><\/h6>\t\t\t\t<\/div>\n\t\t\t\t<div class=\"elementor-element elementor-element-e012fd3 elementor-widget elementor-widget-heading\" data-id=\"e012fd3\" data-element_type=\"widget\" data-widget_type=\"heading.default\">\n\t\t\t\t\t<h6 class=\"elementor-heading-title elementor-size-default\"><a href=\"https:\/\/adatvissza.hu\/en\/adatmentes-arak\/laptop\/\">Laptop data recovery prices<\/a><\/h6>\t\t\t\t<\/div>\n\t\t\t\t<div class=\"elementor-element elementor-element-356d4fa elementor-widget elementor-widget-heading\" data-id=\"356d4fa\" data-element_type=\"widget\" data-widget_type=\"heading.default\">\n\t\t\t\t\t<h6 class=\"elementor-heading-title elementor-size-default\"><a href=\"https:\/\/adatvissza.hu\/en\/adatmentes-arak\/pendrive-adatmentes-arak\/\">Pendrive data recovery prices<\/a><\/h6>\t\t\t\t<\/div>\n\t\t\t\t<div class=\"elementor-element elementor-element-d0afe19 elementor-widget elementor-widget-heading\" data-id=\"d0afe19\" data-element_type=\"widget\" data-widget_type=\"heading.default\">\n\t\t\t\t\t<h6 class=\"elementor-heading-title elementor-size-default\"><a href=\"https:\/\/adatvissza.hu\/en\/adatmentes-arak\/memoriakartya-mentes\/\">Memory card data recovery prices<\/a><\/h6>\t\t\t\t<\/div>\n\t\t\t\t<div class=\"elementor-element elementor-element-ecacbe8 elementor-widget elementor-widget-heading\" data-id=\"ecacbe8\" data-element_type=\"widget\" data-widget_type=\"heading.default\">\n\t\t\t\t\t<h3 class=\"elementor-heading-title elementor-size-default\">Blog<\/h3>\t\t\t\t<\/div>\n\t\t\t\t<div class=\"elementor-element elementor-element-eff192e elementor-grid-1 elementor-grid-tablet-2 elementor-grid-mobile-1 elementor-posts--thumbnail-top elementor-widget elementor-widget-posts\" data-id=\"eff192e\" data-element_type=\"widget\" data-settings=\"{&quot;classic_columns&quot;:&quot;1&quot;,&quot;classic_columns_tablet&quot;:&quot;2&quot;,&quot;classic_columns_mobile&quot;:&quot;1&quot;,&quot;classic_row_gap&quot;:{&quot;unit&quot;:&quot;px&quot;,&quot;size&quot;:35,&quot;sizes&quot;:[]},&quot;classic_row_gap_laptop&quot;:{&quot;unit&quot;:&quot;px&quot;,&quot;size&quot;:&quot;&quot;,&quot;sizes&quot;:[]},&quot;classic_row_gap_tablet&quot;:{&quot;unit&quot;:&quot;px&quot;,&quot;size&quot;:&quot;&quot;,&quot;sizes&quot;:[]},&quot;classic_row_gap_mobile&quot;:{&quot;unit&quot;:&quot;px&quot;,&quot;size&quot;:&quot;&quot;,&quot;sizes&quot;:[]}}\" data-widget_type=\"posts.classic\">\n\t\t\t\t<div class=\"elementor-widget-container\">\n\t\t\t\t\t\t\t<div class=\"elementor-posts-container elementor-posts elementor-posts--skin-classic elementor-grid\" role=\"list\">\n\t\t\t\t<article class=\"elementor-post elementor-grid-item post-9305 post type-post status-publish format-standard hentry category-nvme-ssd-adatmentes\" role=\"listitem\">\n\t\t\t\t<div class=\"elementor-post__text\">\n\t\t\t\t<h3 class=\"elementor-post__title\">\n\t\t\t<a href=\"https:\/\/adatvissza.hu\/en\/xpg-adata-sx6000np-512gb-nvme-adatmentes\/\" target=\"&quot;_blank&quot;\">\n\t\t\t\tXPG ADATA SX6000NP 512GB NVMe adatment\u00e9s\t\t\t<\/a>\n\t\t<\/h3>\n\t\t\t\t<div class=\"elementor-post__meta-data\">\n\t\t\t\t\t<span class=\"elementor-post-author\">\n\t\t\tAdatVissza\t\t<\/span>\n\t\t\t\t<span class=\"elementor-post-date\">\n\t\t\t2025.12.19.\t\t<\/span>\n\t\t\t\t<\/div>\n\t\t\t\t<div class=\"elementor-post__excerpt\">\n\t\t\t<p>Sikeres adatment\u00e9s k\u00e9sz\u00fclt egy olyan NVMe SSD-r\u0151l, mint az ADATA SX6000NP 512GB NVMe SSD. Szint\u00e9n fontos kiemelni, hogy az XPG ADATA 512GB szer\u00e9ny sikeres adatment\u00e9s\u00e9nek<\/p>\n\t\t<\/div>\n\t\t\n\t\t<a class=\"elementor-post__read-more\" href=\"https:\/\/adatvissza.hu\/en\/xpg-adata-sx6000np-512gb-nvme-adatmentes\/\" aria-label=\"Read more about XPG ADATA SX6000NP 512GB NVMe adatment\u00e9s\" tabindex=\"-1\" target=\"_blank\">\n\t\t\tTov\u00e1bb olvasom \u00bb\t\t<\/a>\n\n\t\t\t\t<\/div>\n\t\t\t\t<\/article>\n\t\t\t\t<article class=\"elementor-post elementor-grid-item post-7973 post type-post status-publish format-standard hentry category-nvme-ssd-adatmentes\" role=\"listitem\">\n\t\t\t\t<div class=\"elementor-post__text\">\n\t\t\t\t<h3 class=\"elementor-post__title\">\n\t\t\t<a href=\"https:\/\/adatvissza.hu\/en\/sikeres-adatmentes-egy-samsung-4tb-os-nvme-ssd-rol\/\" target=\"&quot;_blank&quot;\">\n\t\t\t\tSikeres adatment\u00e9s egy Samsung 4TB-os NVMe SSD-r\u0151l\t\t\t<\/a>\n\t\t<\/h3>\n\t\t\t\t<div class=\"elementor-post__meta-data\">\n\t\t\t\t\t<span class=\"elementor-post-author\">\n\t\t\tAdatVissza\t\t<\/span>\n\t\t\t\t<span class=\"elementor-post-date\">\n\t\t\t2025.11.07.\t\t<\/span>\n\t\t\t\t<\/div>\n\t\t\t\t<div class=\"elementor-post__excerpt\">\n\t\t\t<p>Sikeres adatment\u00e9s k\u00e9sz\u00fclt egy Samsung 4TB-os NVMe SSD-r\u0151l, ami r\u00e1ad\u00e1sul az adatment\u0151 hardver-szoftver \u00e1ltal nem is t\u00e1mogatott. De a szakmai tapasztalatok, na meg n\u00e9h\u00e1ny szakmai<\/p>\n\t\t<\/div>\n\t\t\n\t\t<a class=\"elementor-post__read-more\" href=\"https:\/\/adatvissza.hu\/en\/sikeres-adatmentes-egy-samsung-4tb-os-nvme-ssd-rol\/\" aria-label=\"Read more about Sikeres adatment\u00e9s egy Samsung 4TB-os NVMe SSD-r\u0151l\" tabindex=\"-1\" target=\"_blank\">\n\t\t\tTov\u00e1bb olvasom \u00bb\t\t<\/a>\n\n\t\t\t\t<\/div>\n\t\t\t\t<\/article>\n\t\t\t\t<article class=\"elementor-post elementor-grid-item post-1675 post type-post status-publish format-standard hentry category-nvme-ssd-adatmentes\" role=\"listitem\">\n\t\t\t\t<div class=\"elementor-post__text\">\n\t\t\t\t<h3 class=\"elementor-post__title\">\n\t\t\t<a href=\"https:\/\/adatvissza.hu\/en\/nvme-ssd-adatmentes\/\" target=\"&quot;_blank&quot;\">\n\t\t\t\tNVMe SSD data recovery\t\t\t<\/a>\n\t\t<\/h3>\n\t\t\t\t<div class=\"elementor-post__meta-data\">\n\t\t\t\t\t<span class=\"elementor-post-author\">\n\t\t\tAdatVissza\t\t<\/span>\n\t\t\t\t<span class=\"elementor-post-date\">\n\t\t\t2025.10.22.\t\t<\/span>\n\t\t\t\t<\/div>\n\t\t\t\t<div class=\"elementor-post__excerpt\">\n\t\t\t<p>Kedves Olvas\u00f3! Mostant\u00f3l t\u00e1mogatjuk az NVMe SSD-k adatment\u00e9s\u00e9t is. AdatVissza NVMe adatment\u00e9s T\u00e1mogatotts\u00e1gi lista: b\u0151vebben itt&#8230; Az \u00faj fejleszt\u00e9s eredm\u00e9ny\u00e9nek k\u00f6sz\u00f6nhet\u0151 az ACELaboratory \u00e1ltal fejlesztett<\/p>\n\t\t<\/div>\n\t\t\n\t\t<a class=\"elementor-post__read-more\" href=\"https:\/\/adatvissza.hu\/en\/nvme-ssd-adatmentes\/\" aria-label=\"Read more about NVMe SSD adatment\u00e9s\" tabindex=\"-1\" target=\"_blank\">\n\t\t\tTov\u00e1bb olvasom \u00bb\t\t<\/a>\n\n\t\t\t\t<\/div>\n\t\t\t\t<\/article>\n\t\t\t\t<\/div>\n\t\t\n\t\t\t\t\t\t<\/div>\n\t\t\t\t<\/div>\n\t\t\t\t<\/div>\n\t\t\t\t\t<\/div>\n\t\t\t\t<\/div>\n\t\t\t\t<\/div>","protected":false},"excerpt":{"rendered":"<p>Aj\u00e1nlott oldalak wordpress-szakerto.hu \u2013 Weboldal karbantart\u00e1s, fejleszt\u00e9s, optimaliz\u00e1l\u00e1s www.freeforms.hu \u2013 Fot\u00f3, grafika, web design www.abrahamestarsa.hu \u2013 Tervez\u00e9s, \u00e9p\u00edt\u00e9s, kivitelez\u00e9s www.elektrofok.hu \u2013 Elektronikai alkatr\u00e9sz-kereskedelem www.itvkurzor.hu \u2013 Irodai kell\u00e9kek www.lapanthera.hu \u2013 Elektronikai alkatr\u00e9sz-kereskedelem www.mocsaribalazs.hu \u2013 Villamos biztons\u00e1gtechnikai fel\u00fclvizsg\u00e1l\u00f3 www.supernotebook.hu \u2013 Sz\u00e1m\u00edt\u00e1stechnikai web\u00e1ruh\u00e1z www.ssdadatmentes.hu \u2013 SSD adatment\u00e9s www.memoriakartyaadatmentes.hu \u2013 Mem\u00f3riak\u00e1rtya adatment\u00e9s www.pendriveadatmentes.hu \u2013 Pendrive adatment\u00e9s Adatment\u00e9s \u00e1rak Merevlemez [&hellip;]<\/p>\n","protected":false},"author":1,"featured_media":0,"parent":0,"menu_order":0,"comment_status":"closed","ping_status":"closed","template":"","meta":{"footnotes":""},"class_list":["post-3376","page","type-page","status-publish","hentry"],"yoast_head":"<!-- This site is optimized with the Yoast SEO Premium plugin v27.1 (Yoast SEO v27.1.1) - https:\/\/yoast.com\/product\/yoast-seo-premium-wordpress\/ -->\n<title>Aj\u00e1nlott oldalak | AdatVissza<\/title>\n<meta name=\"robots\" content=\"index, follow, max-snippet:-1, max-image-preview:large, max-video-preview:-1\" \/>\n<link rel=\"canonical\" href=\"https:\/\/adatvissza.hu\/en\/recommended-sites\/\" \/>\n<meta property=\"og:locale\" content=\"en_GB\" \/>\n<meta property=\"og:type\" content=\"article\" \/>\n<meta property=\"og:title\" content=\"Aj\u00e1nlott oldalak\" \/>\n<meta property=\"og:description\" content=\"Aj\u00e1nlott oldalak wordpress-szakerto.hu \u2013 Weboldal karbantart\u00e1s, fejleszt\u00e9s, optimaliz\u00e1l\u00e1s www.freeforms.hu \u2013 Fot\u00f3, grafika, web design www.abrahamestarsa.hu \u2013 Tervez\u00e9s, \u00e9p\u00edt\u00e9s, kivitelez\u00e9s www.elektrofok.hu \u2013 Elektronikai alkatr\u00e9sz-kereskedelem www.itvkurzor.hu \u2013 Irodai kell\u00e9kek www.lapanthera.hu \u2013 Elektronikai alkatr\u00e9sz-kereskedelem www.mocsaribalazs.hu \u2013 Villamos biztons\u00e1gtechnikai fel\u00fclvizsg\u00e1l\u00f3 www.supernotebook.hu \u2013 Sz\u00e1m\u00edt\u00e1stechnikai web\u00e1ruh\u00e1z www.ssdadatmentes.hu \u2013 SSD adatment\u00e9s www.memoriakartyaadatmentes.hu \u2013 Mem\u00f3riak\u00e1rtya adatment\u00e9s www.pendriveadatmentes.hu \u2013 Pendrive adatment\u00e9s Adatment\u00e9s \u00e1rak Merevlemez [&hellip;]\" \/>\n<meta property=\"og:url\" content=\"https:\/\/adatvissza.hu\/en\/recommended-sites\/\" \/>\n<meta property=\"og:site_name\" content=\"AdatVissza\" \/>\n<meta property=\"article:publisher\" content=\"http:\/\/facebook.com\/adatvissza\" \/>\n<meta property=\"article:modified_time\" content=\"2025-12-15T15:59:25+00:00\" \/>\n<meta name=\"twitter:card\" content=\"summary_large_image\" \/>\n<meta name=\"twitter:label1\" content=\"Estimated reading time\" \/>\n\t<meta name=\"twitter:data1\" content=\"2 minutes\" \/>\n<script type=\"application\/ld+json\" class=\"yoast-schema-graph\">{\"@context\":\"https:\/\/schema.org\",\"@graph\":[{\"@type\":\"WebPage\",\"@id\":\"https:\/\/adatvissza.hu\/ajanlott-oldalak\/\",\"url\":\"https:\/\/adatvissza.hu\/ajanlott-oldalak\/\",\"name\":\"Aj\u00e1nlott oldalak | AdatVissza\",\"isPartOf\":{\"@id\":\"https:\/\/adatvissza.hu\/#website\"},\"datePublished\":\"2025-10-31T22:27:02+00:00\",\"dateModified\":\"2025-12-15T15:59:25+00:00\",\"breadcrumb\":{\"@id\":\"https:\/\/adatvissza.hu\/ajanlott-oldalak\/#breadcrumb\"},\"inLanguage\":\"en-GB\",\"potentialAction\":[{\"@type\":\"ReadAction\",\"target\":[\"https:\/\/adatvissza.hu\/ajanlott-oldalak\/\"]}]},{\"@type\":\"BreadcrumbList\",\"@id\":\"https:\/\/adatvissza.hu\/ajanlott-oldalak\/#breadcrumb\",\"itemListElement\":[{\"@type\":\"ListItem\",\"position\":1,\"name\":\"Kezd\u0151lap\",\"item\":\"https:\/\/adatvissza.hu\/\"},{\"@type\":\"ListItem\",\"position\":2,\"name\":\"Aj\u00e1nlott oldalak\"}]},{\"@type\":\"WebSite\",\"@id\":\"https:\/\/adatvissza.hu\/#website\",\"url\":\"https:\/\/adatvissza.hu\/\",\"name\":\"AdatVissza\",\"description\":\"Adatment\u00e9s, adatvissza\u00e1ll\u00edt\u00e1s b\u00e1rmilyen adathordoz\u00f3r\u00f3l\",\"publisher\":{\"@id\":\"https:\/\/adatvissza.hu\/#organization\"},\"potentialAction\":[{\"@type\":\"SearchAction\",\"target\":{\"@type\":\"EntryPoint\",\"urlTemplate\":\"https:\/\/adatvissza.hu\/?s={search_term_string}\"},\"query-input\":{\"@type\":\"PropertyValueSpecification\",\"valueRequired\":true,\"valueName\":\"search_term_string\"}}],\"inLanguage\":\"en-GB\"},{\"@type\":\"Organization\",\"@id\":\"https:\/\/adatvissza.hu\/#organization\",\"name\":\"AdatVissza adatment\u00e9s Kft.\",\"alternateName\":\"AdatVissza adatment\u00e9s Kft.\",\"url\":\"https:\/\/adatvissza.hu\/\",\"logo\":{\"@type\":\"ImageObject\",\"inLanguage\":\"en-GB\",\"@id\":\"https:\/\/adatvissza.hu\/#\/schema\/logo\/image\/\",\"url\":\"https:\/\/adatvissza.hu\/wp-content\/uploads\/2025\/09\/adatvissza_logo_25.svg\",\"contentUrl\":\"https:\/\/adatvissza.hu\/wp-content\/uploads\/2025\/09\/adatvissza_logo_25.svg\",\"width\":600,\"height\":384,\"caption\":\"AdatVissza adatment\u00e9s Kft.\"},\"image\":{\"@id\":\"https:\/\/adatvissza.hu\/#\/schema\/logo\/image\/\"},\"sameAs\":[\"http:\/\/facebook.com\/adatvissza\"],\"email\":\"info@adatvissza.hu\",\"telephone\":\"06303707307\",\"taxID\":\"29211261-2-13\"}]}<\/script>\n<!-- \/ Yoast SEO Premium plugin. -->","yoast_head_json":{"title":"Aj\u00e1nlott oldalak | AdatVissza","robots":{"index":"index","follow":"follow","max-snippet":"max-snippet:-1","max-image-preview":"max-image-preview:large","max-video-preview":"max-video-preview:-1"},"canonical":"https:\/\/adatvissza.hu\/en\/recommended-sites\/","og_locale":"en_GB","og_type":"article","og_title":"Aj\u00e1nlott oldalak","og_description":"Aj\u00e1nlott oldalak wordpress-szakerto.hu \u2013 Weboldal karbantart\u00e1s, fejleszt\u00e9s, optimaliz\u00e1l\u00e1s www.freeforms.hu \u2013 Fot\u00f3, grafika, web design www.abrahamestarsa.hu \u2013 Tervez\u00e9s, \u00e9p\u00edt\u00e9s, kivitelez\u00e9s www.elektrofok.hu \u2013 Elektronikai alkatr\u00e9sz-kereskedelem www.itvkurzor.hu \u2013 Irodai kell\u00e9kek www.lapanthera.hu \u2013 Elektronikai alkatr\u00e9sz-kereskedelem www.mocsaribalazs.hu \u2013 Villamos biztons\u00e1gtechnikai fel\u00fclvizsg\u00e1l\u00f3 www.supernotebook.hu \u2013 Sz\u00e1m\u00edt\u00e1stechnikai web\u00e1ruh\u00e1z www.ssdadatmentes.hu \u2013 SSD adatment\u00e9s www.memoriakartyaadatmentes.hu \u2013 Mem\u00f3riak\u00e1rtya adatment\u00e9s www.pendriveadatmentes.hu \u2013 Pendrive adatment\u00e9s Adatment\u00e9s \u00e1rak Merevlemez [&hellip;]","og_url":"https:\/\/adatvissza.hu\/en\/recommended-sites\/","og_site_name":"AdatVissza","article_publisher":"http:\/\/facebook.com\/adatvissza","article_modified_time":"2025-12-15T15:59:25+00:00","twitter_card":"summary_large_image","twitter_misc":{"Estimated reading time":"2 minutes"},"schema":{"@context":"https:\/\/schema.org","@graph":[{"@type":"WebPage","@id":"https:\/\/adatvissza.hu\/ajanlott-oldalak\/","url":"https:\/\/adatvissza.hu\/ajanlott-oldalak\/","name":"Aj\u00e1nlott oldalak | AdatVissza","isPartOf":{"@id":"https:\/\/adatvissza.hu\/#website"},"datePublished":"2025-10-31T22:27:02+00:00","dateModified":"2025-12-15T15:59:25+00:00","breadcrumb":{"@id":"https:\/\/adatvissza.hu\/ajanlott-oldalak\/#breadcrumb"},"inLanguage":"en-GB","potentialAction":[{"@type":"ReadAction","target":["https:\/\/adatvissza.hu\/ajanlott-oldalak\/"]}]},{"@type":"BreadcrumbList","@id":"https:\/\/adatvissza.hu\/ajanlott-oldalak\/#breadcrumb","itemListElement":[{"@type":"ListItem","position":1,"name":"Kezd\u0151lap","item":"https:\/\/adatvissza.hu\/"},{"@type":"ListItem","position":2,"name":"Aj\u00e1nlott oldalak"}]},{"@type":"WebSite","@id":"https:\/\/adatvissza.hu\/#website","url":"https:\/\/adatvissza.hu\/","name":"AdatVissza","description":"Adatment\u00e9s, adatvissza\u00e1ll\u00edt\u00e1s b\u00e1rmilyen adathordoz\u00f3r\u00f3l","publisher":{"@id":"https:\/\/adatvissza.hu\/#organization"},"potentialAction":[{"@type":"SearchAction","target":{"@type":"EntryPoint","urlTemplate":"https:\/\/adatvissza.hu\/?s={search_term_string}"},"query-input":{"@type":"PropertyValueSpecification","valueRequired":true,"valueName":"search_term_string"}}],"inLanguage":"en-GB"},{"@type":"Organization","@id":"https:\/\/adatvissza.hu\/#organization","name":"AdatVissza adatment\u00e9s Ltd.","alternateName":"AdatVissza adatment\u00e9s Kft.","url":"https:\/\/adatvissza.hu\/","logo":{"@type":"ImageObject","inLanguage":"en-GB","@id":"https:\/\/adatvissza.hu\/#\/schema\/logo\/image\/","url":"https:\/\/adatvissza.hu\/wp-content\/uploads\/2025\/09\/adatvissza_logo_25.svg","contentUrl":"https:\/\/adatvissza.hu\/wp-content\/uploads\/2025\/09\/adatvissza_logo_25.svg","width":600,"height":384,"caption":"AdatVissza adatment\u00e9s Kft."},"image":{"@id":"https:\/\/adatvissza.hu\/#\/schema\/logo\/image\/"},"sameAs":["http:\/\/facebook.com\/adatvissza"],"email":"info@adatvissza.hu","telephone":"06303707307","taxID":"29211261-2-13"}]}},"_links":{"self":[{"href":"https:\/\/adatvissza.hu\/en\/wp-json\/wp\/v2\/pages\/3376","targetHints":{"allow":["GET"]}}],"collection":[{"href":"https:\/\/adatvissza.hu\/en\/wp-json\/wp\/v2\/pages"}],"about":[{"href":"https:\/\/adatvissza.hu\/en\/wp-json\/wp\/v2\/types\/page"}],"author":[{"embeddable":true,"href":"https:\/\/adatvissza.hu\/en\/wp-json\/wp\/v2\/users\/1"}],"replies":[{"embeddable":true,"href":"https:\/\/adatvissza.hu\/en\/wp-json\/wp\/v2\/comments?post=3376"}],"version-history":[{"count":13,"href":"https:\/\/adatvissza.hu\/en\/wp-json\/wp\/v2\/pages\/3376\/revisions"}],"predecessor-version":[{"id":9270,"href":"https:\/\/adatvissza.hu\/en\/wp-json\/wp\/v2\/pages\/3376\/revisions\/9270"}],"wp:attachment":[{"href":"https:\/\/adatvissza.hu\/en\/wp-json\/wp\/v2\/media?parent=3376"}],"curies":[{"name":"wp","href":"https:\/\/api.w.org\/{rel}","templated":true}]}}