{"id":922,"date":"2025-10-16T17:15:24","date_gmt":"2025-10-16T17:15:24","guid":{"rendered":"https:\/\/adatvissza.hu\/?page_id=922"},"modified":"2025-11-03T11:50:34","modified_gmt":"2025-11-03T10:50:34","slug":"supported-nvme-ssd-list","status":"publish","type":"page","link":"https:\/\/adatvissza.hu\/en\/adatmentes-arak\/nvme-ssd-mentes\/tamogatott-nvme-ssd-lista\/","title":{"rendered":"Supported NVMe SSDs list"},"content":{"rendered":"<div data-elementor-type=\"wp-page\" data-elementor-id=\"922\" class=\"elementor elementor-922\" data-elementor-post-type=\"page\">\n\t\t\t\t<div class=\"elementor-element elementor-element-42023b5 e-flex e-con-boxed e-con e-parent\" data-id=\"42023b5\" data-element_type=\"container\">\n\t\t\t\t\t<div class=\"e-con-inner\">\n\t\t\t\t<div class=\"elementor-element elementor-element-5540f8c elementor-widget elementor-widget-heading\" data-id=\"5540f8c\" data-element_type=\"widget\" data-widget_type=\"heading.default\">\n\t\t\t\t\t<h2 class=\"elementor-heading-title elementor-size-default\">T\u00e1mogatott NVMe SSD-k list\u00e1ja<\/h2>\t\t\t\t<\/div>\n\t\t\t\t\t<\/div>\n\t\t\t\t<\/div>\n\t\t<div class=\"elementor-element elementor-element-d24994b e-flex e-con-boxed e-con e-parent\" data-id=\"d24994b\" data-element_type=\"container\">\n\t\t\t\t\t<div class=\"e-con-inner\">\n\t\t\t\t<div class=\"elementor-element elementor-element-e3d6da3 elementor-widget elementor-widget-text-editor\" data-id=\"e3d6da3\" data-element_type=\"widget\" data-widget_type=\"text-editor.default\">\n\t\t\t\t\t\t\t\t\t<p><em>The list of supported NVMe SSDs is continuously expanding!<\/em><\/p><p><strong>If you can\u2019t find your device on the list, please call or write, we\u2019re happy to help identify it!<\/strong><\/p><p>\u00a0<\/p><p><strong>NVMe Silicon Motion Controller Family<\/strong>:<\/p><ul><li>SM2260<\/li><li>SM2263XT<\/li><li>SM2262EN<\/li><li>SM2263EN<\/li><li>SM2320G (Native USB)<\/li><li>SM2269XT<\/li><li>HP H8068 (SM2263XT)<\/li><li>HP H8038 (SM2262EN)<\/li><\/ul><p>\u00a0<\/p><p><strong>SSD Models<\/strong>:<\/p><ul><li>ADATA EU800 (SM2320G)<br \/>ADATA Legend 800 (SM2269XT)<\/li><li>ADATA Legend 850 Lite (SM2269XT)<\/li><li>ADATA XPG GAMMIX S11 Pro (SM2262EN)<\/li><li>ADATA XPG SX7000 (Sm2260G)<\/li><li>ADATA XPG8200 (SM2262EN)<\/li><li>Digma Mega S3 (SM2263XT)<\/li><li>HP EX900 (HP H8068 (SM2263XT)<\/li><li>HP EX920 (HP H8038 (SM2262EN)<\/li><li>Intel Optane H10\/H20 (SM2263) Logic issues only!<\/li><li>KingSpec P300 (SM2263XT)<\/li><li>Kingston A2000 (SM2263EN)<\/li><li>Kingston DataTraveler Max (SM2320G)<\/li><li>Kingston XS2000 (SM2320G)<\/li><li>Lexar NM600 (SM2263XT)<\/li><li>Neo Forza Zion NFP03 (SM2263XT)<\/li><li>Patriot Hellfire<\/li><li>Radeon R5<\/li><li>Smartbuy Jolt SM63X<\/li><li>Transcend ESD310 (SM2320G)<\/li><li>Transcend MTE110S<\/li><li>Transcend MTE220S<\/li><li>Zion NFP03 (NeoForza)<\/li><li>Any other SSD based on supported SM controller!<\/li><\/ul><p>\u00a0<\/p><p><strong>NVMe Phison Controller Family<\/strong>:<\/p><ul><li>PS5007<\/li><li>PS5008<\/li><li>PS5012 (Toshiba\/Kioxia NAND)<\/li><li>PS5013<\/li><li>PS5016<\/li><li>PS5018 (Only Repairing)<\/li><li>PS5019<\/li><li>Toshiba TC58NC1202GST (PS5012) (Toshiba\/Kioxia NAND)<\/li><li>Seagate STXYP016C031 (PS5012) (Toshiba\/Kioxia NAND)<\/li><li>Seagate STXZP01B6721 (PS5013)<\/li><li>Seagate STXZP010BE70 (PS5016)<\/li><li>Seagate STXZY01049E0 (PS5018)<\/li><\/ul><p>\u00a0<\/p><p><strong>SSD Models<\/strong>:<\/p><ul><li>Apacer A52280P2 (PS5008)<\/li><li>Apacer AS2280P4 (PS5012)<\/li><li>Apacer AS2280Q4 (PS5016)<\/li><li>Apacer PP3480 (PS5013)<\/li><li>Dexp L2 (PS5012)<\/li><li>Dexp L3 (PS5013)<\/li><li>Dexp M1 (PS5012)<\/li><li>GIGABYTE AORUS ASM2NE6 (PS5016)<\/li><li>Gigabyte GSM2NE8 (PS5008)<\/li><li>Kingston A1000 (PS5008)<\/li><li>Kingston KC1000 (PS5007)<\/li><li>Kingston KC3000 (PS5018)<\/li><li>LiteON MU X (PS5008)<\/li><li>MSI SPATIUM M450 (PS5019)<\/li><li>Novation 3D<\/li><li>Patriot Hellfire M2 (PS5007)<\/li><li>Patriot Scorch M2 (PS5008)<\/li><li>QUMO Novation 3D (Ps5013)<\/li><li>Qumo Novation 3D (PS5019)<\/li><li>Seagate Barracuda 510 (Seagate STXYP016C031 (PS5012))<\/li><li>Seagate BarraCuda Q5 (Seagate STXZP01B6721 (PS5013))<\/li><li>Seagate FireCuda 510 (Seagate STXYP016C031 (PS5012))<\/li><li>Seagate Firecuda 520 (Seagate STXZP010BE70 (PS5016))<\/li><li>Seagate FireCuda 530 (Seagate STXZY01049E0 (PS5018))<\/li><li>Smartbuy E13T (PS5013)<\/li><li>Smartbuy Impact E12 (PS5012)<\/li><li>Smartbuy M8 (PS5008)<\/li><li>Toshiba RC500 (Toshiba TC58NC1202GST (PS5012))<\/li><li>WD_BLACK SN750 SE (PS5019)<\/li><li>Any other SSD based on supported PS controller!<\/li><\/ul><p>\u00a0<\/p><p><strong>NVMe Marvell Controller Family<\/strong>:<\/p><ul><li>88SS1093<\/li><\/ul><p>\u00a0<\/p><p><strong>SSD Models<\/strong>:<\/p><ul><li>Lenovo AM6671 \/ LENSE20xxxMSP34MEAT2TA<\/li><li>Lenovo AM6672 \/ LENSE30xxxMSP34MEAT3TA<\/li><li>Plextor M9Pe<\/li><li>Ramaxel AM6672 \/ RPITJxxxVFD2MWX<\/li><li>Sandisk A400<\/li><li>WD Black G1<\/li><\/ul><p>\u00a0<\/p><p><strong>SATA Silicon Motion Controller Family<\/strong>:<\/p><ul><li>SM2236G<\/li><li>SM2246XT<\/li><li>SM2246EN<\/li><li>SM2256K<\/li><li>SM2258G<\/li><li>SM2258H<\/li><li>SM2258XT<\/li><li>SM2259XT<\/li><li>Transcend P3XV60 (SM2246XT)<\/li><li>Transcend 02-6500 (SM2246EN)<\/li><li>Kingston CS4341AA (SM2258XT)<\/li><li>HP H6008 G (SM2258XT)<\/li><\/ul><p>\u00a0<\/p><p><strong>SSD Models<\/strong>:<\/p><ul><li>ADATA ISC3E (SM2246XT)<\/li><li>ADATA SP550 (SM2256K)<\/li><li>ADATA SU800 (SM2258G\/H)<\/li><li>ADATA SU900 (SM2258G\/H)<\/li><li>XPG SX950U SM2258G\/H)<\/li><li>ADAT SU650 (SM2258XT)<\/li><li>AMD Radeon R3 (SM2256K)<\/li><li>AMD Radeon R5 (SM2258XT)<\/li><li>AMD Radeon R5 (SM2259XT)<\/li><li>Apacer AS350 Panther (SM2258XT)<\/li><li>Apacer AS340 Panther (SM2259XT)<\/li><li>Corsair Force LX (SM2246EN)<\/li><li>Crucial BX100 (SM2246EN)<\/li><li>Crucial MX500 (SM2258H)<\/li><li>Crucial BX500 (SM2258XT)<\/li><li>KingDian S200 (SM2258XT)<\/li><li>KingSpec PA25 (SM2236G)<\/li><li>KingSpec P3 (SM2259XT)<\/li><li>Lexar Professional CFast 3400x (SM2246XT)<\/li><li>Lite On LCH-256V2S-11 (SM2246EN)<\/li><li>Patriot P200 (SM2258XT)<\/li><li>Plextor M6V (SM2246EN)<\/li><li>Plextor S2C (SM2258H)<\/li><li>PNY CS1111 (SM2246EN)<\/li><li>QUMO Novation 3D (SM2259XT)<\/li><li>RevuAhn 850X (SM2246EN)<\/li><li>RevuAhn 880K (SM2246EN)<\/li><li>RevuAhn 900T PRO (SM2246EN)<\/li><li>RevuAhn 885 (SM2258XT)<\/li><li>SanDisk SSD Plus (SM2246XT)<\/li><li>Silicon Power Slim S55 (SM2246XT)<\/li><li>Silicon Power Slim S55 (SM2258XT)<\/li><li>Silicon Power Slim S55 (SM2259XT)<\/li><li>Silicon Power Slim S60(SM2246XT)<\/li><li>SmartBuy Jolt (SM2258XT)<\/li><li>TeamGroup MS30 (SM2258XT)<\/li><li>Transcend 370s (Transcend 02-6500 (SM2246EN))<\/li><li>Transcend SSD370S (SM2258G\/H)<\/li><li>Transcend ESD230C (SM2258XT)<\/li><li>Transcend MTS820 (SM2258XT)<\/li><li>WD Green G1 (SM2258)<\/li><li>Other drives based on supported SM controllers<\/li><\/ul><p>\u00a0<\/p><p><strong>SATA Phison Controller Family<\/strong>:<\/p><ul><li>PS3105<\/li><li>PS3108<\/li><li>PS3109 PATA for UDMA\/Express*<\/li><li>PS3110<\/li><li>PS3111 PATA for UDMA\/Express*<\/li><li>PS3112 PATA for UDMA\/Express*<\/li><li>STXZA01EA3B7 (PS3110)<\/li><li>TC58NC1000 (PS3110)<\/li><li>Seagate STXZA01EA3B7 (PS3110)<\/li><li>Toshiba TC58NC1000 (PS3110)<\/li><li>Kingston CP33238B (PS3111) PATA for UDMA\/Express*<\/li><li>Transcend U01749ME3 (PS3111) PATA for UDMA\/Express*<\/li><li>Transcend 02-3010 (PS3111) PATA for UDMA\/Express*<\/li><li>Toshiba TC58NC1010 (PS3111) PATA for UDMA\/Express*<\/li><li>HG2258 (Hosin Global \u2013 modified PS3111) PATA for UDMA\/Express*<\/li><li>AS2258 (ASolid \u2013 modified PS3111) PATA for UDMA\/Express*<\/li><\/ul><p>\u00a0<\/p><p><strong>SSD Models<\/strong>:<\/p><ul><li>AMD Radeon R5 (AS2258)<\/li><li>Apacer AS340 (PS3111)<\/li><li>Apacer AS450 (PS3111)<\/li><li>Crucial V4 (PS3105)<\/li><li>Corsair Nova (PS3105)<\/li><li>Corsair Force LS (PS3109)<\/li><li>DEXP M6 (PS3111)<\/li><li>Foxline FLSSDX6SE (PS3111)<\/li><li>Gigabyte GSTFS31 (PS3111)<\/li><li>GOODRAM CL100 (PS3111)<\/li><li>GOODRAM CX300 (PS3111)<\/li><li>GOODRAM CX400 (PS3111)<\/li><li>GOODRAM S400U (PS3111)<\/li><li>GOODRAM IRDM (PS3111)<\/li><li>GOODRAM IRDM S25C (PS3112)<\/li><li>Kingston SMSM15S3 (Dual PS3108)<\/li><li>Kingston SSDNow UV300 (PS3110)<\/li><li>Kingston HyperX Savage (PS3110)<\/li><li>Kingston A400 (Kingston CP33238B (PS3111))<\/li><li>Lite-On MU3 (PS3111)<\/li><li>Lite-On PH4 (PS3111)<\/li><li>Lite-On PH6 (PS3111)<\/li><li>OCZ Trion 100 (Toshiba TC58NC1010 (PS3111))<\/li><li>Patriot Plaze (PS3109)<\/li><li>Patriot Blast (PS3110)<\/li><li>Patriot Spark (PS3111)<\/li><li>Patriot Burst (PS3111)<\/li><li>QUMO Novation 3D (AS2258)<\/li><li>Seagate Fast SSD (PS3110)<\/li><li>Seagate One Touch SSD (PS3111)<\/li><li>Seagate BarraCuda Q1 ((STXZA01BE513 (PS3111))<\/li><li>Seagate BarraCuda 120 ((STXZA01F5578) (PS3112))<\/li><li>Seagate IronWolf 125 ((STXZA01F5578) (PS3112))<\/li><li>Silicon Power Slim S55 (PS3108)<\/li><li>Silicon Power Slim S55 (PS3109)<\/li><li>Silicon Power Slim S55 (PS3111)<\/li><li>Silicon Power Slim S60(PS3111)<\/li><li>Silicon Power A55 (HG2258)<\/li><li>Silicon Power A56 (PS3111)<\/li><li>Silicon Power A58 (AS2258)<\/li><li>Smartbuy Ignition 2 (PS3108)<\/li><li>Smartbuy S9M (PS3109)<\/li><li>Smartbuy Revival (PS3110)<\/li><li>Smartbuy Firestone (PS3110)<\/li><li>Smartbuy Ignition 4 (PS3110)<\/li><li>Smarbuy Revival 2 (PS3111)<\/li><li>Smartbuy S11T (PS3111)<\/li><li>Smartbuy Impact (PS3112)<\/li><li>Transcend 220S (Transcend 02-3010 (PS3111))<\/li><li>Other drives based on supported PS controllers<\/li><\/ul><p>\u00a0<\/p><p><strong>SATA Maxio controlelr family<\/strong>:<\/p><ul><li>MAS0902<\/li><li>MAS1102 (only for ADATA SU650 240GB)*<\/li><\/ul><p>*MAS1102 m\u00e9g mindig m\u00e9ly fejleszt\u00e9s alatt \u00e1ll, \u00e9s nincs teljesen t\u00e1mogatott<\/p><p><strong>SSD Models<\/strong>: (Model \u2013 controller \u2013 chip type)<\/p><ul><li>ADATA SU630 (MAS0902+B27A)<\/li><li>ADATA SU635 (MAS0902+N18A)<\/li><li>ADATA SU650 (MAS1102+SSV6)<\/li><li>Apacer AS350 (MAS0902+B16A)<\/li><li>Hikvision C100 (MAS0902+SKV5)<\/li><li>SmartBuy Splash (MAS0902+B16A)<\/li><li>KingSpec P3 (MAS0902+B17A)<\/li><li>KingSpec Q (MAS0902+BOKB)<\/li><\/ul><p>\u00a0<\/p><p><strong>SATA Marvell controller family<\/strong>:<\/p><ul><li>88SS9174<\/li><li>88SS9187<\/li><li>88SS9189<\/li><li>88SS9190<\/li><li>88SS1074<\/li><\/ul><p>\u00a0<\/p><p><strong>SSD Models<\/strong>:<\/p><ul><li>Crucial C300 (88SS9174)<\/li><li>Crucial C400 (88SS9174)<\/li><li>Crucial M4 (88SS9174)<\/li><li>Crucial M500 Partial support!*<\/li><li>Crucial M550 Partial support!*<\/li><li>Crucial MX100 Partial support!*<\/li><li>Crucial MX200 Partial support!*<\/li><li>Intel 510 Partial support!*<\/li><li>Micron C300 (88SS9174)<\/li><li>Micron C400 (88SS9174)<\/li><li>Plextor M3 Partial support!*<\/li><li>Plextor M3 Pro Partial support!*<\/li><li>Plextor M5 Pro Extreme Partial support!*<\/li><li>Plextor M5 Pro Partial support!*<\/li><li>Plextor M5S Partial support!*<\/li><li>Sandisk Genesis Partial support!*<\/li><li>Sandisk SSD Plus (88SS1074)<\/li><li>Sandisk Ultra II (88SS1074, 88SS9189, 88SS9190)<\/li><li>Sandisk Ultra Plus Partial support!*<\/li><li>Sandisk Vulcan Partial support!*<\/li><li>Sandisk X110 (M.2 2260) Partial support!*<\/li><li>Sandisk X300 Partial support!*<\/li><li>WD Blue G1 (88SS1074)<\/li><\/ul><p>\u00a0<\/p><p><strong>SATA Samsung controller family<\/strong>:<\/p><ul><li>S3C29RBB01<\/li><li>S3C29MAX01<\/li><li>S4LJ204X01<\/li><li>S4LN021X01<\/li><li>S4LN045X01<\/li><li>S4LN054X02<\/li><\/ul><p>\u00a0<\/p><p><strong>SSD Models<\/strong>:<\/p><ul><li>Samsung MLC (S3C29RBB01)<\/li><li>Samsung 470 (S3C29MAX01-Y340) (including Apple Macbook AIR 2010-2011)<\/li><li>Samsung 830 (S4LJ204X01-Y040) (including Apple Macbook AIR\/PRO 2011-2012)<\/li><li>Samsung 840 (S4LN021X01-8030)<\/li><li>Samsung 840 EVO (S4LN045X01-8030) Terminal*<\/li><li>Samsung 840 Pro (S4LN021X01-8030)<\/li><li>Samsung 850 Pro (S4LN045X01-8030) Terminal*<\/li><li>Samsung CM871 (S4LN054X02-Y030) Terminal*<\/li><li>Samsung PM810 (S3C29MAX01-Y340) (mSATA version of 470)<\/li><li>Samsung PM830 (S4LJ204X01-Y040)<\/li><li>Samsung PM840 (S4LN021X01-8030)<\/li><li>Samsung PM841 (S4LN021X01-8030)<\/li><li>Samsung PM851 (S4LN045X01-8030) (mSATA version of 840 EVO) Terminal*<\/li><\/ul><p>\u00a0<\/p><p><strong>SATA Indilinx Barefoot controller family<\/strong>:<\/p><ul><li>IDX110M00<\/li><li>IDX110M01<\/li><li>IDX110M02<\/li><\/ul><p>\u00a0<\/p><p><strong>SSD Models<\/strong>:<\/p><ul><li>Corsair Extreme series<\/li><li>Crucial M225<\/li><li>OCZ Solid 2 series<\/li><li>OCZ Vertex 1<\/li><li>Other drives based on IDX110Mxx<\/li><\/ul><p>\u00a0<\/p><p><strong>SATA OCZ Barefoot 3 controller family<\/strong>:<\/p><ul><li>IDX500Mxx<\/li><\/ul><p>\u00a0<\/p><p><strong>SSD Models<\/strong><\/p><ul><li>AMD Radeon R7<\/li><li>OCZ ARC 100<\/li><li>OCZ Vector<\/li><li>OCZ Vector 150<\/li><li>OCZ Vector 180<\/li><li>OCZ Vector 480<\/li><li>OCZ Vertex 450<\/li><li>OCZ Vertex 460<\/li><li>OCZ Vertex 460A<\/li><\/ul><p>\u00a0<\/p><p><strong>SATA Intel controller family<\/strong>:<\/p><ul><li>PC29AS21AA0<\/li><\/ul><p>\u00a0<\/p><p><strong>SSD Models<\/strong><\/p><ul><li>Intel X18<\/li><li>Intel X25<\/li><li>Intel 310<\/li><li>Intel 710<\/li><\/ul><p>\u00a0<\/p>\t\t\t\t\t\t\t\t<\/div>\n\t\t\t\t\t<\/div>\n\t\t\t\t<\/div>\n\t\t\t\t<\/div>","protected":false},"excerpt":{"rendered":"<p>T\u00e1mogatott NVMe SSD-k list\u00e1ja Az NVMe SSD-k t\u00e1mogatotts\u00e1gi list\u00e1ja folyamatosan b\u0151v\u00fcl! Ha nem tal\u00e1ln\u00e1 az \u00d6n adathordoz\u00f3j\u00e1t a list\u00e1ban, k\u00e9rem h\u00edvjon vagy \u00edrjon nek\u00fcnk, seg\u00edt\u00fcnk a beazonos\u00edt\u00e1sban! \u00a0 NVMe Silicon Motion Controller Family: SM2260 SM2263XT SM2262EN SM2263EN SM2320G (Native USB) SM2269XT HP H8068 (SM2263XT) HP H8038 (SM2262EN) \u00a0 SSD Models: ADATA EU800 (SM2320G)ADATA Legend 800 [&hellip;]<\/p>\n","protected":false},"author":1,"featured_media":0,"parent":783,"menu_order":0,"comment_status":"closed","ping_status":"closed","template":"","meta":{"footnotes":""},"class_list":["post-922","page","type-page","status-publish","hentry"],"yoast_head":"<!-- This site is optimized with the Yoast SEO Premium plugin v27.1 (Yoast SEO v27.1.1) - https:\/\/yoast.com\/product\/yoast-seo-premium-wordpress\/ -->\n<title>T\u00e1mogatott NVMe SSD lista | AdatVissza<\/title>\n<meta name=\"description\" content=\"Az NVMe SSD-k t\u00e1mogatotts\u00e1gi list\u00e1ja folyamatosan b\u0151v\u00fcl! Seg\u00edt\u00fcnk adathordoz\u00f3ja beazonos\u00edt\u00e1sban!\" \/>\n<meta name=\"robots\" content=\"index, follow, max-snippet:-1, max-image-preview:large, max-video-preview:-1\" \/>\n<link rel=\"canonical\" href=\"https:\/\/adatvissza.hu\/en\/data-recovery-prices\/nvme-ssd-data-recovery\/supported-nvme-ssd-list\/\" \/>\n<meta property=\"og:locale\" content=\"en_GB\" \/>\n<meta property=\"og:type\" content=\"article\" \/>\n<meta property=\"og:title\" content=\"T\u00e1mogatott NVMe SSD lista\" \/>\n<meta property=\"og:description\" content=\"Az NVMe SSD-k t\u00e1mogatotts\u00e1gi list\u00e1ja folyamatosan b\u0151v\u00fcl! Seg\u00edt\u00fcnk adathordoz\u00f3ja beazonos\u00edt\u00e1sban!\" \/>\n<meta property=\"og:url\" content=\"https:\/\/adatvissza.hu\/en\/data-recovery-prices\/nvme-ssd-data-recovery\/supported-nvme-ssd-list\/\" \/>\n<meta property=\"og:site_name\" content=\"AdatVissza\" \/>\n<meta property=\"article:publisher\" content=\"http:\/\/facebook.com\/adatvissza\" \/>\n<meta property=\"article:modified_time\" content=\"2025-11-03T10:50:34+00:00\" \/>\n<meta name=\"twitter:card\" content=\"summary_large_image\" \/>\n<meta name=\"twitter:label1\" content=\"Estimated reading time\" \/>\n\t<meta name=\"twitter:data1\" content=\"6 minutes\" \/>\n<script type=\"application\/ld+json\" class=\"yoast-schema-graph\">{\"@context\":\"https:\/\/schema.org\",\"@graph\":[{\"@type\":\"WebPage\",\"@id\":\"https:\/\/adatvissza.hu\/adatmentes-arak\/nvme-ssd-mentes\/tamogatott-nvme-ssd-lista\/\",\"url\":\"https:\/\/adatvissza.hu\/adatmentes-arak\/nvme-ssd-mentes\/tamogatott-nvme-ssd-lista\/\",\"name\":\"T\u00e1mogatott NVMe SSD lista | AdatVissza\",\"isPartOf\":{\"@id\":\"https:\/\/adatvissza.hu\/#website\"},\"datePublished\":\"2025-10-16T17:15:24+00:00\",\"dateModified\":\"2025-11-03T10:50:34+00:00\",\"description\":\"Az NVMe SSD-k t\u00e1mogatotts\u00e1gi list\u00e1ja folyamatosan b\u0151v\u00fcl! Seg\u00edt\u00fcnk adathordoz\u00f3ja beazonos\u00edt\u00e1sban!\",\"breadcrumb\":{\"@id\":\"https:\/\/adatvissza.hu\/adatmentes-arak\/nvme-ssd-mentes\/tamogatott-nvme-ssd-lista\/#breadcrumb\"},\"inLanguage\":\"en-GB\",\"potentialAction\":[{\"@type\":\"ReadAction\",\"target\":[\"https:\/\/adatvissza.hu\/adatmentes-arak\/nvme-ssd-mentes\/tamogatott-nvme-ssd-lista\/\"]}]},{\"@type\":\"BreadcrumbList\",\"@id\":\"https:\/\/adatvissza.hu\/adatmentes-arak\/nvme-ssd-mentes\/tamogatott-nvme-ssd-lista\/#breadcrumb\",\"itemListElement\":[{\"@type\":\"ListItem\",\"position\":1,\"name\":\"Kezd\u0151lap\",\"item\":\"https:\/\/adatvissza.hu\/\"},{\"@type\":\"ListItem\",\"position\":2,\"name\":\"Adatment\u00e9s \u00e1rak\",\"item\":\"https:\/\/adatvissza.hu\/adatmentes-arak\/\"},{\"@type\":\"ListItem\",\"position\":3,\"name\":\"NVMe SSD\",\"item\":\"https:\/\/adatvissza.hu\/adatmentes-arak\/nvme-ssd-mentes\/\"},{\"@type\":\"ListItem\",\"position\":4,\"name\":\"T\u00e1mogatott NVMe SSD lista\"}]},{\"@type\":\"WebSite\",\"@id\":\"https:\/\/adatvissza.hu\/#website\",\"url\":\"https:\/\/adatvissza.hu\/\",\"name\":\"AdatVissza\",\"description\":\"Adatment\u00e9s, adatvissza\u00e1ll\u00edt\u00e1s b\u00e1rmilyen adathordoz\u00f3r\u00f3l\",\"publisher\":{\"@id\":\"https:\/\/adatvissza.hu\/#organization\"},\"potentialAction\":[{\"@type\":\"SearchAction\",\"target\":{\"@type\":\"EntryPoint\",\"urlTemplate\":\"https:\/\/adatvissza.hu\/?s={search_term_string}\"},\"query-input\":{\"@type\":\"PropertyValueSpecification\",\"valueRequired\":true,\"valueName\":\"search_term_string\"}}],\"inLanguage\":\"en-GB\"},{\"@type\":\"Organization\",\"@id\":\"https:\/\/adatvissza.hu\/#organization\",\"name\":\"AdatVissza adatment\u00e9s Kft.\",\"alternateName\":\"AdatVissza adatment\u00e9s Kft.\",\"url\":\"https:\/\/adatvissza.hu\/\",\"logo\":{\"@type\":\"ImageObject\",\"inLanguage\":\"en-GB\",\"@id\":\"https:\/\/adatvissza.hu\/#\/schema\/logo\/image\/\",\"url\":\"https:\/\/adatvissza.hu\/wp-content\/uploads\/2025\/09\/adatvissza_logo_25.svg\",\"contentUrl\":\"https:\/\/adatvissza.hu\/wp-content\/uploads\/2025\/09\/adatvissza_logo_25.svg\",\"width\":600,\"height\":384,\"caption\":\"AdatVissza adatment\u00e9s Kft.\"},\"image\":{\"@id\":\"https:\/\/adatvissza.hu\/#\/schema\/logo\/image\/\"},\"sameAs\":[\"http:\/\/facebook.com\/adatvissza\"],\"email\":\"info@adatvissza.hu\",\"telephone\":\"06303707307\",\"taxID\":\"29211261-2-13\"}]}<\/script>\n<!-- \/ Yoast SEO Premium plugin. -->","yoast_head_json":{"title":"T\u00e1mogatott NVMe SSD lista | AdatVissza","description":"Az NVMe SSD-k t\u00e1mogatotts\u00e1gi list\u00e1ja folyamatosan b\u0151v\u00fcl! Seg\u00edt\u00fcnk adathordoz\u00f3ja beazonos\u00edt\u00e1sban!","robots":{"index":"index","follow":"follow","max-snippet":"max-snippet:-1","max-image-preview":"max-image-preview:large","max-video-preview":"max-video-preview:-1"},"canonical":"https:\/\/adatvissza.hu\/en\/data-recovery-prices\/nvme-ssd-data-recovery\/supported-nvme-ssd-list\/","og_locale":"en_GB","og_type":"article","og_title":"T\u00e1mogatott NVMe SSD lista","og_description":"Az NVMe SSD-k t\u00e1mogatotts\u00e1gi list\u00e1ja folyamatosan b\u0151v\u00fcl! Seg\u00edt\u00fcnk adathordoz\u00f3ja beazonos\u00edt\u00e1sban!","og_url":"https:\/\/adatvissza.hu\/en\/data-recovery-prices\/nvme-ssd-data-recovery\/supported-nvme-ssd-list\/","og_site_name":"AdatVissza","article_publisher":"http:\/\/facebook.com\/adatvissza","article_modified_time":"2025-11-03T10:50:34+00:00","twitter_card":"summary_large_image","twitter_misc":{"Estimated reading time":"6 minutes"},"schema":{"@context":"https:\/\/schema.org","@graph":[{"@type":"WebPage","@id":"https:\/\/adatvissza.hu\/adatmentes-arak\/nvme-ssd-mentes\/tamogatott-nvme-ssd-lista\/","url":"https:\/\/adatvissza.hu\/adatmentes-arak\/nvme-ssd-mentes\/tamogatott-nvme-ssd-lista\/","name":"T\u00e1mogatott NVMe SSD lista | AdatVissza","isPartOf":{"@id":"https:\/\/adatvissza.hu\/#website"},"datePublished":"2025-10-16T17:15:24+00:00","dateModified":"2025-11-03T10:50:34+00:00","description":"Az NVMe SSD-k t\u00e1mogatotts\u00e1gi list\u00e1ja folyamatosan b\u0151v\u00fcl! Seg\u00edt\u00fcnk adathordoz\u00f3ja beazonos\u00edt\u00e1sban!","breadcrumb":{"@id":"https:\/\/adatvissza.hu\/adatmentes-arak\/nvme-ssd-mentes\/tamogatott-nvme-ssd-lista\/#breadcrumb"},"inLanguage":"en-GB","potentialAction":[{"@type":"ReadAction","target":["https:\/\/adatvissza.hu\/adatmentes-arak\/nvme-ssd-mentes\/tamogatott-nvme-ssd-lista\/"]}]},{"@type":"BreadcrumbList","@id":"https:\/\/adatvissza.hu\/adatmentes-arak\/nvme-ssd-mentes\/tamogatott-nvme-ssd-lista\/#breadcrumb","itemListElement":[{"@type":"ListItem","position":1,"name":"Kezd\u0151lap","item":"https:\/\/adatvissza.hu\/"},{"@type":"ListItem","position":2,"name":"Adatment\u00e9s \u00e1rak","item":"https:\/\/adatvissza.hu\/adatmentes-arak\/"},{"@type":"ListItem","position":3,"name":"NVMe SSD","item":"https:\/\/adatvissza.hu\/adatmentes-arak\/nvme-ssd-mentes\/"},{"@type":"ListItem","position":4,"name":"T\u00e1mogatott NVMe SSD lista"}]},{"@type":"WebSite","@id":"https:\/\/adatvissza.hu\/#website","url":"https:\/\/adatvissza.hu\/","name":"AdatVissza","description":"Adatment\u00e9s, adatvissza\u00e1ll\u00edt\u00e1s b\u00e1rmilyen adathordoz\u00f3r\u00f3l","publisher":{"@id":"https:\/\/adatvissza.hu\/#organization"},"potentialAction":[{"@type":"SearchAction","target":{"@type":"EntryPoint","urlTemplate":"https:\/\/adatvissza.hu\/?s={search_term_string}"},"query-input":{"@type":"PropertyValueSpecification","valueRequired":true,"valueName":"search_term_string"}}],"inLanguage":"en-GB"},{"@type":"Organization","@id":"https:\/\/adatvissza.hu\/#organization","name":"AdatVissza adatment\u00e9s Ltd.","alternateName":"AdatVissza adatment\u00e9s Kft.","url":"https:\/\/adatvissza.hu\/","logo":{"@type":"ImageObject","inLanguage":"en-GB","@id":"https:\/\/adatvissza.hu\/#\/schema\/logo\/image\/","url":"https:\/\/adatvissza.hu\/wp-content\/uploads\/2025\/09\/adatvissza_logo_25.svg","contentUrl":"https:\/\/adatvissza.hu\/wp-content\/uploads\/2025\/09\/adatvissza_logo_25.svg","width":600,"height":384,"caption":"AdatVissza adatment\u00e9s Kft."},"image":{"@id":"https:\/\/adatvissza.hu\/#\/schema\/logo\/image\/"},"sameAs":["http:\/\/facebook.com\/adatvissza"],"email":"info@adatvissza.hu","telephone":"06303707307","taxID":"29211261-2-13"}]}},"_links":{"self":[{"href":"https:\/\/adatvissza.hu\/en\/wp-json\/wp\/v2\/pages\/922","targetHints":{"allow":["GET"]}}],"collection":[{"href":"https:\/\/adatvissza.hu\/en\/wp-json\/wp\/v2\/pages"}],"about":[{"href":"https:\/\/adatvissza.hu\/en\/wp-json\/wp\/v2\/types\/page"}],"author":[{"embeddable":true,"href":"https:\/\/adatvissza.hu\/en\/wp-json\/wp\/v2\/users\/1"}],"replies":[{"embeddable":true,"href":"https:\/\/adatvissza.hu\/en\/wp-json\/wp\/v2\/comments?post=922"}],"version-history":[{"count":10,"href":"https:\/\/adatvissza.hu\/en\/wp-json\/wp\/v2\/pages\/922\/revisions"}],"predecessor-version":[{"id":934,"href":"https:\/\/adatvissza.hu\/en\/wp-json\/wp\/v2\/pages\/922\/revisions\/934"}],"up":[{"embeddable":true,"href":"https:\/\/adatvissza.hu\/en\/wp-json\/wp\/v2\/pages\/783"}],"wp:attachment":[{"href":"https:\/\/adatvissza.hu\/en\/wp-json\/wp\/v2\/media?parent=922"}],"curies":[{"name":"wp","href":"https:\/\/api.w.org\/{rel}","templated":true}]}}